{"id":2139997,"date":"2026-02-04T12:45:56","date_gmt":"2026-02-04T11:45:56","guid":{"rendered":"https:\/\/grupliving.vayabits.com\/politica-de-privacidad\/"},"modified":"2026-04-09T11:43:16","modified_gmt":"2026-04-09T09:43:16","slug":"politique-confidentialite","status":"publish","type":"page","link":"https:\/\/grupliving.vayabits.com\/fr\/politique-confidentialite\/","title":{"rendered":"Politique de confidentialit\u00e9"},"content":{"rendered":"\t\t<div data-elementor-type=\"wp-page\" data-elementor-id=\"2139997\" class=\"elementor elementor-2139997 elementor-2137278\" data-elementor-post-type=\"page\">\n\t\t\t\t<div class=\"elementor-element elementor-element-9d17e8b e-flex e-con-boxed e-con e-parent\" data-id=\"9d17e8b\" data-element_type=\"container\" data-e-type=\"container\" data-settings=\"{&quot;background_background&quot;:&quot;classic&quot;}\">\n\t\t\t\t\t<div class=\"e-con-inner\">\n\t\t\t\t<div class=\"elementor-element elementor-element-4fd36bb elementor-widget__width-initial titleHomeVB elementor-widget elementor-widget-heading\" data-id=\"4fd36bb\" data-element_type=\"widget\" data-e-type=\"widget\" data-widget_type=\"heading.default\">\n\t\t\t\t<div class=\"elementor-widget-container\">\n\t\t\t\t\t<h1 class=\"elementor-heading-title elementor-size-default\">Politique de confidentialit\u00e9<\/h1>\t\t\t\t<\/div>\n\t\t\t\t<\/div>\n\t\t\t\t<div class=\"elementor-element elementor-element-c9a9479 elementor-align-center elementor-widget elementor-widget-button\" data-id=\"c9a9479\" data-element_type=\"widget\" data-e-type=\"widget\" data-widget_type=\"button.default\">\n\t\t\t\t<div class=\"elementor-widget-container\">\n\t\t\t\t\t\t\t\t\t<div class=\"elementor-button-wrapper\">\n\t\t\t\t\t<a class=\"elementor-button elementor-button-link elementor-size-sm\" href=\"https:\/\/grupliving.vayabits.com\/sobre-nosotros\/#contactForm\">\n\t\t\t\t\t\t<span class=\"elementor-button-content-wrapper\">\n\t\t\t\t\t\t\t\t\t<span class=\"elementor-button-text\">Contact<\/span>\n\t\t\t\t\t<\/span>\n\t\t\t\t\t<\/a>\n\t\t\t\t<\/div>\n\t\t\t\t\t\t\t\t<\/div>\n\t\t\t\t<\/div>\n\t\t\t\t\t<\/div>\n\t\t\t\t<\/div>\n\t\t<div class=\"elementor-element elementor-element-6e8cfa5 e-flex e-con-boxed e-con e-parent\" data-id=\"6e8cfa5\" data-element_type=\"container\" data-e-type=\"container\" data-settings=\"{&quot;background_background&quot;:&quot;gradient&quot;}\">\n\t\t\t\t\t<div class=\"e-con-inner\">\n\t\t<div class=\"elementor-element elementor-element-895d695 e-con-full e-flex e-con e-child\" data-id=\"895d695\" data-element_type=\"container\" data-e-type=\"container\">\n\t\t\t\t<div class=\"elementor-element elementor-element-189be8a elementor-widget elementor-widget-text-editor\" data-id=\"189be8a\" data-element_type=\"widget\" data-e-type=\"widget\" data-widget_type=\"text-editor.default\">\n\t\t\t\t<div class=\"elementor-widget-container\">\n\t\t\t\t\t\t\t\t\t<p>1 INFORMATION \u00c0 L\u2019UTILISATEUR<\/p><p>Grup Living Agents Immobiliaris S.L, en tant que Responsable du Traitement, vous informe que, conform\u00e9ment aux dispositions du R\u00e8glement (UE) 2016\/679 du 27 avril (RGPD) et de la Loi Organique 3\/2018 du 5 d\u00e9cembre relative \u00e0 la protection des donn\u00e9es et \u00e0 la garantie des droits num\u00e9riques (LOPDGDD), nous traiterons vos donn\u00e9es comme indiqu\u00e9 dans la pr\u00e9sente Politique de Confidentialit\u00e9.<\/p><p>Dans cette Politique de Confidentialit\u00e9, nous d\u00e9crivons comment nous collectons vos donn\u00e9es personnelles et pourquoi nous les collectons, ce que nous en faisons, avec qui nous les partageons, comment nous les prot\u00e9geons et quelles sont vos options concernant le traitement de vos donn\u00e9es personnelles.<\/p><p>Cette Politique s\u2019applique au traitement de vos donn\u00e9es personnelles collect\u00e9es par l\u2019entreprise pour la fourniture de ses services. Si vous acceptez les mesures de cette Politique, vous acceptez que nous traitions vos donn\u00e9es personnelles comme d\u00e9fini dans celle-ci.<\/p><p>2 CONTACT<\/p><p>D\u00e9nomination sociale : Grup Living Agents Immobiliaris S.L<br \/>Nom commercial : Grup Living<br \/>Num\u00e9ro d\u2019identification fiscale CIF : B64723596<br \/>Adresse : Av Cam\u00ed dels Capellans 83 08870 Sitges<br \/>Email : info@grupliving.com<\/p><p>3 PRINCIPES CL\u00c9S<\/p><p>Nous nous sommes toujours engag\u00e9s \u00e0 fournir nos services avec le plus haut niveau de qualit\u00e9, ce qui inclut le traitement de vos donn\u00e9es avec s\u00e9curit\u00e9 et transparence. Nos principes sont les suivants :<\/p><p>L\u00e9galit\u00e9 : Nous collecterons vos donn\u00e9es personnelles uniquement \u00e0 des fins sp\u00e9cifiques explicites et l\u00e9gitimes<br \/>Minimisation des donn\u00e9es : Nous limitons la collecte des donn\u00e9es personnelles \u00e0 ce qui est strictement pertinent et n\u00e9cessaire aux finalit\u00e9s pour lesquelles elles sont collect\u00e9es<br \/>Limitation de la finalit\u00e9 : Nous collecterons vos donn\u00e9es personnelles uniquement pour les finalit\u00e9s d\u00e9clar\u00e9es et selon vos souhaits<br \/>Exactitude : Nous maintiendrons vos donn\u00e9es personnelles exactes et \u00e0 jour<br \/>S\u00e9curit\u00e9 des donn\u00e9es : Nous appliquons des mesures techniques et organisationnelles appropri\u00e9es et proportionn\u00e9es aux risques afin de garantir que vos donn\u00e9es ne subissent aucun dommage tel que la divulgation ou l\u2019acc\u00e8s non autoris\u00e9 la destruction accidentelle ou illicite la perte accidentelle ou l\u2019alt\u00e9ration ainsi que toute autre forme de traitement illicite<br \/>Acc\u00e8s et rectification : Nous mettons \u00e0 votre disposition des moyens pour acc\u00e9der \u00e0 vos donn\u00e9es ou les rectifier lorsque vous le jugez n\u00e9cessaire<br \/>Conservation : Nous conservons vos donn\u00e9es personnelles de mani\u00e8re l\u00e9gale et appropri\u00e9e uniquement pendant la dur\u00e9e n\u00e9cessaire aux finalit\u00e9s pour lesquelles elles ont \u00e9t\u00e9 collect\u00e9es<br \/>Transferts internationaux : Dans le cas o\u00f9 vos donn\u00e9es seraient transf\u00e9r\u00e9es en dehors de l\u2019UE EEE elles seront prot\u00e9g\u00e9es de mani\u00e8re ad\u00e9quate<br \/>Tiers : L\u2019acc\u00e8s et le transfert de donn\u00e9es personnelles \u00e0 des tiers sont effectu\u00e9s conform\u00e9ment aux lois et r\u00e8glements applicables et avec des garanties contractuelles appropri\u00e9es<br \/>Marketing direct et cookies : Nous respectons la l\u00e9gislation applicable en mati\u00e8re de publicit\u00e9 et de cookies<\/p><p>4 COLLECTE ET TRAITEMENT DE VOS DONN\u00c9ES PERSONNELLES<\/p><p>Les types de donn\u00e9es pouvant \u00eatre demand\u00e9s et trait\u00e9s sont :<\/p><p>Donn\u00e9es d\u2019identification<\/p><p>Nous collectons \u00e9galement automatiquement des donn\u00e9es relatives \u00e0 votre visite sur notre site web comme d\u00e9crit dans la politique de cookies<\/p><p>Chaque fois que nous demandons vos donn\u00e9es personnelles nous vous informerons clairement des donn\u00e9es collect\u00e9es et de leur finalit\u00e9 En g\u00e9n\u00e9ral nous collectons et traitons vos donn\u00e9es personnelles afin de :<\/p><p>Fournir des informations services produits informations pertinentes et nouveaut\u00e9s du secteur<br \/>Envoyer des communications<\/p><p>5 L\u00c9GITIMIT\u00c9<\/p><p>Conform\u00e9ment \u00e0 la r\u00e9glementation applicable en mati\u00e8re de protection des donn\u00e9es vos donn\u00e9es personnelles peuvent \u00eatre trait\u00e9es dans les cas suivants :<\/p><p>Vous avez donn\u00e9 votre consentement au traitement Vous pouvez bien entendu retirer ce consentement \u00e0 tout moment<br \/>En cas d\u2019obligation l\u00e9gale<br \/>En cas d\u2019int\u00e9r\u00eat l\u00e9gitime ne portant pas atteinte \u00e0 vos droits \u00e0 la vie priv\u00e9e par exemple pour l\u2019envoi d\u2019informations commerciales suite \u00e0 votre abonnement \u00e0 notre newsletter ou en raison de votre statut de client<br \/>Lorsque cela est n\u00e9cessaire \u00e0 l\u2019ex\u00e9cution d\u2019un contrat entre vous et nous<\/p><p>6 COMMUNICATION DES DONN\u00c9ES PERSONNELLES<\/p><p>Les donn\u00e9es peuvent \u00eatre communiqu\u00e9es \u00e0 des entreprises li\u00e9es \u00e0 Grup Living Agents Immobiliaris S L pour la prestation de diff\u00e9rents services en tant que sous traitants L\u2019entreprise ne proc\u00e9dera \u00e0 aucune cession sauf en cas d\u2019obligation l\u00e9gale<\/p><p>7 VOS DROITS<\/p><p>Concernant la collecte et le traitement de vos donn\u00e9es personnelles vous pouvez nous contacter \u00e0 tout moment afin de :<\/p><p>Acc\u00e9der \u00e0 vos donn\u00e9es personnelles et \u00e0 toute autre information indiqu\u00e9e \u00e0 l\u2019article 15 1 du RGPD<br \/>Rectifier des donn\u00e9es personnelles inexactes ou incompl\u00e8tes conform\u00e9ment \u00e0 l\u2019article 16 du RGPD<br \/>Demander l\u2019effacement de vos donn\u00e9es personnelles conform\u00e9ment \u00e0 l\u2019article 17 du RGPD<br \/>Limiter le traitement de vos donn\u00e9es personnelles conform\u00e9ment \u00e0 l\u2019article 18 du RGPD<br \/>Demander la portabilit\u00e9 de vos donn\u00e9es conform\u00e9ment \u00e0 l\u2019article 20 du RGPD<br \/>Vous opposer au traitement de vos donn\u00e9es personnelles conform\u00e9ment \u00e0 l\u2019article 21 du RGPD<\/p><p>Si vous avez donn\u00e9 votre consentement pour une finalit\u00e9 sp\u00e9cifique vous avez le droit de le retirer \u00e0 tout moment sans que cela n\u2019affecte la lic\u00e9it\u00e9 du traitement fond\u00e9 sur le consentement avant son retrait<\/p><p>Vous pouvez exercer ces droits en envoyant une communication motiv\u00e9e et justifi\u00e9e \u00e0 info@grupliving.com<\/p><p>Vous avez \u00e9galement le droit d\u2019introduire une r\u00e9clamation aupr\u00e8s de l\u2019autorit\u00e9 de contr\u00f4le comp\u00e9tente www aepd es si vous estimez que le traitement n\u2019est pas conforme \u00e0 la r\u00e9glementation en vigueur<\/p><p>8 INFORMATION L\u00c9GALE<\/p><p>Les exigences de cette Politique compl\u00e8tent et ne remplacent pas toute autre exigence pr\u00e9vue par la l\u00e9gislation applicable en mati\u00e8re de protection des donn\u00e9es laquelle pr\u00e9vaudra en tout \u00e9tat de cause<\/p><p>Cette Politique est soumise \u00e0 des r\u00e9visions p\u00e9riodiques et l\u2019entreprise peut la modifier \u00e0 tout moment Le cas \u00e9ch\u00e9ant nous vous informerons de toute modification et vous demanderons de relire la version la plus r\u00e9cente de notre Politique et de confirmer votre acceptation<\/p>\t\t\t\t\t\t\t\t<\/div>\n\t\t\t\t<\/div>\n\t\t\t\t<\/div>\n\t\t\t\t\t<\/div>\n\t\t\t\t<\/div>\n\t\t\t\t<\/div>\n\t\t","protected":false},"excerpt":{"rendered":"<p>Politique de confidentialit\u00e9 Contact 1 INFORMATION \u00c0 L\u2019UTILISATEUR Grup Living Agents Immobiliaris S.L, en tant que Responsable du Traitement, vous informe que, conform\u00e9ment aux dispositions du R\u00e8glement (UE) 2016\/679 du 27 avril (RGPD) et de la Loi Organique 3\/2018 du 5 d\u00e9cembre relative \u00e0 la protection des donn\u00e9es et \u00e0 la garantie des droits num\u00e9riques [&hellip;]<\/p>\n","protected":false},"author":1,"featured_media":0,"parent":0,"menu_order":0,"comment_status":"closed","ping_status":"closed","template":"elementor_header_footer","meta":{"footnotes":""},"class_list":["post-2139997","page","type-page","status-publish","hentry"],"yoast_head":"<!-- This site is optimized with the Yoast SEO plugin v27.3 - https:\/\/yoast.com\/product\/yoast-seo-wordpress\/ -->\n<title>Politique de confidentialit\u00e9 | Grup Living Immobilier<\/title>\n<meta name=\"description\" content=\"Consultez la politique de confidentialit\u00e9 de Grup Living\u00a0: comment nous traitons vos donn\u00e9es, les finalit\u00e9s du traitement, la base juridique, les dur\u00e9es de conservation, les transferts de donn\u00e9es et vos droits en tant qu\u2019utilisateur.\" \/>\n<meta name=\"robots\" content=\"noindex, follow, max-snippet:-1, max-image-preview:large, max-video-preview:-1\" \/>\n<meta property=\"og:locale\" content=\"fr_FR\" \/>\n<meta property=\"og:type\" content=\"article\" \/>\n<meta property=\"og:title\" content=\"Politique de confidentialit\u00e9 | Grup Living Immobilier\" \/>\n<meta property=\"og:description\" content=\"Consultez la politique de confidentialit\u00e9 de Grup Living\u00a0: comment nous traitons vos donn\u00e9es, les finalit\u00e9s du traitement, la base juridique, les dur\u00e9es de conservation, les transferts de donn\u00e9es et vos droits en tant qu\u2019utilisateur.\" \/>\n<meta property=\"og:url\" content=\"https:\/\/grupliving.vayabits.com\/fr\/politique-confidentialite\/\" \/>\n<meta property=\"og:site_name\" content=\"Grup Living: Inmobiliaria en Sitges - Venta y Alquiler de inmuebles\" \/>\n<meta property=\"article:modified_time\" content=\"2026-04-09T09:43:16+00:00\" \/>\n<meta name=\"twitter:card\" content=\"summary_large_image\" \/>\n<meta name=\"twitter:label1\" content=\"Dur\u00e9e de lecture estim\u00e9e\" \/>\n\t<meta name=\"twitter:data1\" content=\"5 minutes\" \/>\n<script type=\"application\/ld+json\" class=\"yoast-schema-graph\">{\"@context\":\"https:\\\/\\\/schema.org\",\"@graph\":[{\"@type\":\"WebPage\",\"@id\":\"https:\\\/\\\/grupliving.vayabits.com\\\/fr\\\/politique-confidentialite\\\/\",\"url\":\"https:\\\/\\\/grupliving.vayabits.com\\\/fr\\\/politique-confidentialite\\\/\",\"name\":\"Politique de confidentialit\u00e9 | Grup Living Immobilier\",\"isPartOf\":{\"@id\":\"https:\\\/\\\/grupliving.vayabits.com\\\/#website\"},\"datePublished\":\"2026-02-04T11:45:56+00:00\",\"dateModified\":\"2026-04-09T09:43:16+00:00\",\"description\":\"Consultez la politique de confidentialit\u00e9 de Grup Living\u00a0: comment nous traitons vos donn\u00e9es, les finalit\u00e9s du traitement, la base juridique, les dur\u00e9es de conservation, les transferts de donn\u00e9es et vos droits en tant qu\u2019utilisateur.\",\"breadcrumb\":{\"@id\":\"https:\\\/\\\/grupliving.vayabits.com\\\/fr\\\/politique-confidentialite\\\/#breadcrumb\"},\"inLanguage\":\"fr-FR\",\"potentialAction\":[{\"@type\":\"ReadAction\",\"target\":[\"https:\\\/\\\/grupliving.vayabits.com\\\/fr\\\/politique-confidentialite\\\/\"]}]},{\"@type\":\"BreadcrumbList\",\"@id\":\"https:\\\/\\\/grupliving.vayabits.com\\\/fr\\\/politique-confidentialite\\\/#breadcrumb\",\"itemListElement\":[{\"@type\":\"ListItem\",\"position\":1,\"name\":\"Portada\",\"item\":\"https:\\\/\\\/grupliving.vayabits.com\\\/fr\\\/\"},{\"@type\":\"ListItem\",\"position\":2,\"name\":\"Politique de confidentialit\u00e9\"}]},{\"@type\":\"WebSite\",\"@id\":\"https:\\\/\\\/grupliving.vayabits.com\\\/#website\",\"url\":\"https:\\\/\\\/grupliving.vayabits.com\\\/\",\"name\":\"Grup Living: Inmobiliaria en Sitges - Venta y Alquiler de inmuebles\",\"description\":\"En Grup Living, te brindamos la tranquilidad que necesitas en cada paso de tu proceso inmobiliario. Ahorra tiempo de la mano de profesionales, reduce gastos gracias a nuestra estructura eficiente, y aseg\u00farate de que est\u00e1s exactamente donde quieres estar. Escuchamos tus necesidades e inquietudes para ofrecerte el mejor servicio, evitando problemas y realizando operaciones seguras, mientras mantenemos nuestros procesos transparentes y claros para nuestros valiosos clientes\",\"publisher\":{\"@id\":\"https:\\\/\\\/grupliving.vayabits.com\\\/#organization\"},\"potentialAction\":[{\"@type\":\"SearchAction\",\"target\":{\"@type\":\"EntryPoint\",\"urlTemplate\":\"https:\\\/\\\/grupliving.vayabits.com\\\/?s={search_term_string}\"},\"query-input\":{\"@type\":\"PropertyValueSpecification\",\"valueRequired\":true,\"valueName\":\"search_term_string\"}}],\"inLanguage\":\"fr-FR\"},{\"@type\":\"Organization\",\"@id\":\"https:\\\/\\\/grupliving.vayabits.com\\\/#organization\",\"name\":\"Grup Living: Inmobiliaria en Sitges - Venta y Alquiler de inmuebles\",\"url\":\"https:\\\/\\\/grupliving.vayabits.com\\\/\",\"logo\":{\"@type\":\"ImageObject\",\"inLanguage\":\"fr-FR\",\"@id\":\"https:\\\/\\\/grupliving.vayabits.com\\\/#\\\/schema\\\/logo\\\/image\\\/\",\"url\":\"https:\\\/\\\/grupliving.vayabits.com\\\/wp-content\\\/uploads\\\/2025\\\/06\\\/logo_grup_living_white.webp\",\"contentUrl\":\"https:\\\/\\\/grupliving.vayabits.com\\\/wp-content\\\/uploads\\\/2025\\\/06\\\/logo_grup_living_white.webp\",\"width\":350,\"height\":63,\"caption\":\"Grup Living: Inmobiliaria en Sitges - Venta y Alquiler de inmuebles\"},\"image\":{\"@id\":\"https:\\\/\\\/grupliving.vayabits.com\\\/#\\\/schema\\\/logo\\\/image\\\/\"}}]}<\/script>\n<!-- \/ Yoast SEO plugin. -->","yoast_head_json":{"title":"Politique de confidentialit\u00e9 | Grup Living Immobilier","description":"Consultez la politique de confidentialit\u00e9 de Grup Living\u00a0: comment nous traitons vos donn\u00e9es, les finalit\u00e9s du traitement, la base juridique, les dur\u00e9es de conservation, les transferts de donn\u00e9es et vos droits en tant qu\u2019utilisateur.","robots":{"index":"noindex","follow":"follow","max-snippet":"max-snippet:-1","max-image-preview":"max-image-preview:large","max-video-preview":"max-video-preview:-1"},"og_locale":"fr_FR","og_type":"article","og_title":"Politique de confidentialit\u00e9 | Grup Living Immobilier","og_description":"Consultez la politique de confidentialit\u00e9 de Grup Living\u00a0: comment nous traitons vos donn\u00e9es, les finalit\u00e9s du traitement, la base juridique, les dur\u00e9es de conservation, les transferts de donn\u00e9es et vos droits en tant qu\u2019utilisateur.","og_url":"https:\/\/grupliving.vayabits.com\/fr\/politique-confidentialite\/","og_site_name":"Grup Living: Inmobiliaria en Sitges - Venta y Alquiler de inmuebles","article_modified_time":"2026-04-09T09:43:16+00:00","twitter_card":"summary_large_image","twitter_misc":{"Dur\u00e9e de lecture estim\u00e9e":"5 minutes"},"schema":{"@context":"https:\/\/schema.org","@graph":[{"@type":"WebPage","@id":"https:\/\/grupliving.vayabits.com\/fr\/politique-confidentialite\/","url":"https:\/\/grupliving.vayabits.com\/fr\/politique-confidentialite\/","name":"Politique de confidentialit\u00e9 | Grup Living Immobilier","isPartOf":{"@id":"https:\/\/grupliving.vayabits.com\/#website"},"datePublished":"2026-02-04T11:45:56+00:00","dateModified":"2026-04-09T09:43:16+00:00","description":"Consultez la politique de confidentialit\u00e9 de Grup Living\u00a0: comment nous traitons vos donn\u00e9es, les finalit\u00e9s du traitement, la base juridique, les dur\u00e9es de conservation, les transferts de donn\u00e9es et vos droits en tant qu\u2019utilisateur.","breadcrumb":{"@id":"https:\/\/grupliving.vayabits.com\/fr\/politique-confidentialite\/#breadcrumb"},"inLanguage":"fr-FR","potentialAction":[{"@type":"ReadAction","target":["https:\/\/grupliving.vayabits.com\/fr\/politique-confidentialite\/"]}]},{"@type":"BreadcrumbList","@id":"https:\/\/grupliving.vayabits.com\/fr\/politique-confidentialite\/#breadcrumb","itemListElement":[{"@type":"ListItem","position":1,"name":"Portada","item":"https:\/\/grupliving.vayabits.com\/fr\/"},{"@type":"ListItem","position":2,"name":"Politique de confidentialit\u00e9"}]},{"@type":"WebSite","@id":"https:\/\/grupliving.vayabits.com\/#website","url":"https:\/\/grupliving.vayabits.com\/","name":"Grup Living: Inmobiliaria en Sitges - Venta y Alquiler de inmuebles","description":"En Grup Living, te brindamos la tranquilidad que necesitas en cada paso de tu proceso inmobiliario. Ahorra tiempo de la mano de profesionales, reduce gastos gracias a nuestra estructura eficiente, y aseg\u00farate de que est\u00e1s exactamente donde quieres estar. Escuchamos tus necesidades e inquietudes para ofrecerte el mejor servicio, evitando problemas y realizando operaciones seguras, mientras mantenemos nuestros procesos transparentes y claros para nuestros valiosos clientes","publisher":{"@id":"https:\/\/grupliving.vayabits.com\/#organization"},"potentialAction":[{"@type":"SearchAction","target":{"@type":"EntryPoint","urlTemplate":"https:\/\/grupliving.vayabits.com\/?s={search_term_string}"},"query-input":{"@type":"PropertyValueSpecification","valueRequired":true,"valueName":"search_term_string"}}],"inLanguage":"fr-FR"},{"@type":"Organization","@id":"https:\/\/grupliving.vayabits.com\/#organization","name":"Grup Living: Inmobiliaria en Sitges - Venta y Alquiler de inmuebles","url":"https:\/\/grupliving.vayabits.com\/","logo":{"@type":"ImageObject","inLanguage":"fr-FR","@id":"https:\/\/grupliving.vayabits.com\/#\/schema\/logo\/image\/","url":"https:\/\/grupliving.vayabits.com\/wp-content\/uploads\/2025\/06\/logo_grup_living_white.webp","contentUrl":"https:\/\/grupliving.vayabits.com\/wp-content\/uploads\/2025\/06\/logo_grup_living_white.webp","width":350,"height":63,"caption":"Grup Living: Inmobiliaria en Sitges - Venta y Alquiler de inmuebles"},"image":{"@id":"https:\/\/grupliving.vayabits.com\/#\/schema\/logo\/image\/"}}]}},"_links":{"self":[{"href":"https:\/\/grupliving.vayabits.com\/fr\/wp-json\/wp\/v2\/pages\/2139997","targetHints":{"allow":["GET"]}}],"collection":[{"href":"https:\/\/grupliving.vayabits.com\/fr\/wp-json\/wp\/v2\/pages"}],"about":[{"href":"https:\/\/grupliving.vayabits.com\/fr\/wp-json\/wp\/v2\/types\/page"}],"author":[{"embeddable":true,"href":"https:\/\/grupliving.vayabits.com\/fr\/wp-json\/wp\/v2\/users\/1"}],"replies":[{"embeddable":true,"href":"https:\/\/grupliving.vayabits.com\/fr\/wp-json\/wp\/v2\/comments?post=2139997"}],"version-history":[{"count":4,"href":"https:\/\/grupliving.vayabits.com\/fr\/wp-json\/wp\/v2\/pages\/2139997\/revisions"}],"predecessor-version":[{"id":2141824,"href":"https:\/\/grupliving.vayabits.com\/fr\/wp-json\/wp\/v2\/pages\/2139997\/revisions\/2141824"}],"wp:attachment":[{"href":"https:\/\/grupliving.vayabits.com\/fr\/wp-json\/wp\/v2\/media?parent=2139997"}],"curies":[{"name":"wp","href":"https:\/\/api.w.org\/{rel}","templated":true}]}}