{"id":2139566,"date":"2026-02-23T02:36:24","date_gmt":"2026-02-23T01:36:24","guid":{"rendered":"https:\/\/grupliving.vayabits.com\/propiedad\/"},"modified":"2026-04-08T17:38:44","modified_gmt":"2026-04-08T15:38:44","slug":"propriete","status":"publish","type":"page","link":"https:\/\/grupliving.vayabits.com\/fr\/propriete\/","title":{"rendered":"Propri\u00e9t\u00e9"},"content":{"rendered":"\t\t<div data-elementor-type=\"wp-page\" data-elementor-id=\"2139566\" class=\"elementor elementor-2139566 elementor-2137350\" data-elementor-post-type=\"page\">\n\t\t\t\t<div class=\"elementor-element elementor-element-27dc3cf e-flex e-con-boxed e-con e-parent\" data-id=\"27dc3cf\" data-element_type=\"container\" data-e-type=\"container\">\n\t\t\t\t\t<div class=\"e-con-inner\">\n\t\t\t\t<div class=\"elementor-element elementor-element-e7b7b76 elementor-widget elementor-widget-shortcode\" data-id=\"e7b7b76\" data-element_type=\"widget\" data-e-type=\"widget\" data-widget_type=\"shortcode.default\">\n\t\t\t\t<div class=\"elementor-widget-container\">\n\t\t\t\t\t\t\t<div class=\"elementor-shortcode\"><div class=\"boxNothingProperty\">\n\t\t\t<div class=\"icon\"><i class=\"fa fa-exclamation-triangle\"><\/i><\/div>\n\t\t\t<h1>Vous n'avez s\u00e9lectionn\u00e9 aucun bien <span>immobilier<\/span><\/h1>\n\t\t\t<p>Vous pouvez commencer \u00e0 rechercher votre future maison \u00e0 l'aide de notre moteur de recherche.<\/p>\n\t\t\t<a href=\"\/fr\/proprietes\" class=\"btn\">Voir les biens disponibles<\/a>\n\t\t<\/div><\/div>\n\t\t\t\t\t\t<\/div>\n\t\t\t\t<\/div>\n\t\t\t\t\t<\/div>\n\t\t\t\t<\/div>\n\t\t\t\t<\/div>\n\t\t","protected":false},"excerpt":{"rendered":"","protected":false},"author":1,"featured_media":0,"parent":0,"menu_order":0,"comment_status":"closed","ping_status":"closed","template":"elementor_header_footer","meta":{"footnotes":""},"class_list":["post-2139566","page","type-page","status-publish","hentry"],"yoast_head":"<!-- This site is optimized with the Yoast SEO plugin v27.3 - https:\/\/yoast.com\/product\/yoast-seo-wordpress\/ -->\n<title>Ce bien n&#039;est plus ou n&#039;a jamais \u00e9t\u00e9 disponible \u00e0 la vente.<\/title>\n<meta name=\"description\" content=\"L&#039;annonce a \u00e9t\u00e9 retir\u00e9e ou le bien a \u00e9t\u00e9 vendu. Cependant, nous proposons de nombreux autres biens immobiliers susceptibles de vous int\u00e9resser.\" \/>\n<meta name=\"robots\" content=\"noindex, follow, max-snippet:-1, max-image-preview:large, max-video-preview:-1\" \/>\n<meta property=\"og:locale\" content=\"fr_FR\" \/>\n<meta property=\"og:type\" content=\"article\" \/>\n<meta property=\"og:title\" content=\"Ce bien n&#039;est plus ou n&#039;a jamais \u00e9t\u00e9 disponible \u00e0 la vente.\" \/>\n<meta property=\"og:description\" content=\"L&#039;annonce a \u00e9t\u00e9 retir\u00e9e ou le bien a \u00e9t\u00e9 vendu. Cependant, nous proposons de nombreux autres biens immobiliers susceptibles de vous int\u00e9resser.\" \/>\n<meta property=\"og:url\" content=\"https:\/\/grupliving.vayabits.com\/fr\/propriete\/\" \/>\n<meta property=\"og:site_name\" content=\"Grup Living: Inmobiliaria en Sitges - Venta y Alquiler de inmuebles\" \/>\n<meta property=\"article:modified_time\" content=\"2026-04-08T15:38:44+00:00\" \/>\n<meta name=\"twitter:card\" content=\"summary_large_image\" \/>\n<meta name=\"twitter:label1\" content=\"Dur\u00e9e de lecture estim\u00e9e\" \/>\n\t<meta name=\"twitter:data1\" content=\"1 minute\" \/>\n<script type=\"application\/ld+json\" class=\"yoast-schema-graph\">{\"@context\":\"https:\\\/\\\/schema.org\",\"@graph\":[{\"@type\":\"WebPage\",\"@id\":\"https:\\\/\\\/grupliving.vayabits.com\\\/fr\\\/propriete\\\/\",\"url\":\"https:\\\/\\\/grupliving.vayabits.com\\\/fr\\\/propriete\\\/\",\"name\":\"Ce bien n'est plus ou n'a jamais \u00e9t\u00e9 disponible \u00e0 la vente.\",\"isPartOf\":{\"@id\":\"https:\\\/\\\/grupliving.vayabits.com\\\/#website\"},\"datePublished\":\"2026-02-23T01:36:24+00:00\",\"dateModified\":\"2026-04-08T15:38:44+00:00\",\"description\":\"L'annonce a \u00e9t\u00e9 retir\u00e9e ou le bien a \u00e9t\u00e9 vendu. Cependant, nous proposons de nombreux autres biens immobiliers susceptibles de vous int\u00e9resser.\",\"breadcrumb\":{\"@id\":\"https:\\\/\\\/grupliving.vayabits.com\\\/fr\\\/propriete\\\/#breadcrumb\"},\"inLanguage\":\"fr-FR\",\"potentialAction\":[{\"@type\":\"ReadAction\",\"target\":[\"https:\\\/\\\/grupliving.vayabits.com\\\/fr\\\/propriete\\\/\"]}]},{\"@type\":\"BreadcrumbList\",\"@id\":\"https:\\\/\\\/grupliving.vayabits.com\\\/fr\\\/propriete\\\/#breadcrumb\",\"itemListElement\":[{\"@type\":\"ListItem\",\"position\":1,\"name\":\"Portada\",\"item\":\"https:\\\/\\\/grupliving.vayabits.com\\\/fr\\\/\"},{\"@type\":\"ListItem\",\"position\":2,\"name\":\"Propri\u00e9t\u00e9\"}]},{\"@type\":\"WebSite\",\"@id\":\"https:\\\/\\\/grupliving.vayabits.com\\\/#website\",\"url\":\"https:\\\/\\\/grupliving.vayabits.com\\\/\",\"name\":\"Grup Living: Inmobiliaria en Sitges - Venta y Alquiler de inmuebles\",\"description\":\"En Grup Living, te brindamos la tranquilidad que necesitas en cada paso de tu proceso inmobiliario. Ahorra tiempo de la mano de profesionales, reduce gastos gracias a nuestra estructura eficiente, y aseg\u00farate de que est\u00e1s exactamente donde quieres estar. Escuchamos tus necesidades e inquietudes para ofrecerte el mejor servicio, evitando problemas y realizando operaciones seguras, mientras mantenemos nuestros procesos transparentes y claros para nuestros valiosos clientes\",\"publisher\":{\"@id\":\"https:\\\/\\\/grupliving.vayabits.com\\\/#organization\"},\"potentialAction\":[{\"@type\":\"SearchAction\",\"target\":{\"@type\":\"EntryPoint\",\"urlTemplate\":\"https:\\\/\\\/grupliving.vayabits.com\\\/?s={search_term_string}\"},\"query-input\":{\"@type\":\"PropertyValueSpecification\",\"valueRequired\":true,\"valueName\":\"search_term_string\"}}],\"inLanguage\":\"fr-FR\"},{\"@type\":\"Organization\",\"@id\":\"https:\\\/\\\/grupliving.vayabits.com\\\/#organization\",\"name\":\"Grup Living: Inmobiliaria en Sitges - Venta y Alquiler de inmuebles\",\"url\":\"https:\\\/\\\/grupliving.vayabits.com\\\/\",\"logo\":{\"@type\":\"ImageObject\",\"inLanguage\":\"fr-FR\",\"@id\":\"https:\\\/\\\/grupliving.vayabits.com\\\/#\\\/schema\\\/logo\\\/image\\\/\",\"url\":\"https:\\\/\\\/grupliving.vayabits.com\\\/wp-content\\\/uploads\\\/2025\\\/06\\\/logo_grup_living_white.webp\",\"contentUrl\":\"https:\\\/\\\/grupliving.vayabits.com\\\/wp-content\\\/uploads\\\/2025\\\/06\\\/logo_grup_living_white.webp\",\"width\":350,\"height\":63,\"caption\":\"Grup Living: Inmobiliaria en Sitges - Venta y Alquiler de inmuebles\"},\"image\":{\"@id\":\"https:\\\/\\\/grupliving.vayabits.com\\\/#\\\/schema\\\/logo\\\/image\\\/\"}}]}<\/script>\n<!-- \/ Yoast SEO plugin. -->","yoast_head_json":{"title":"Ce bien n'est plus ou n'a jamais \u00e9t\u00e9 disponible \u00e0 la vente.","description":"L'annonce a \u00e9t\u00e9 retir\u00e9e ou le bien a \u00e9t\u00e9 vendu. Cependant, nous proposons de nombreux autres biens immobiliers susceptibles de vous int\u00e9resser.","robots":{"index":"noindex","follow":"follow","max-snippet":"max-snippet:-1","max-image-preview":"max-image-preview:large","max-video-preview":"max-video-preview:-1"},"og_locale":"fr_FR","og_type":"article","og_title":"Ce bien n'est plus ou n'a jamais \u00e9t\u00e9 disponible \u00e0 la vente.","og_description":"L'annonce a \u00e9t\u00e9 retir\u00e9e ou le bien a \u00e9t\u00e9 vendu. Cependant, nous proposons de nombreux autres biens immobiliers susceptibles de vous int\u00e9resser.","og_url":"https:\/\/grupliving.vayabits.com\/fr\/propriete\/","og_site_name":"Grup Living: Inmobiliaria en Sitges - Venta y Alquiler de inmuebles","article_modified_time":"2026-04-08T15:38:44+00:00","twitter_card":"summary_large_image","twitter_misc":{"Dur\u00e9e de lecture estim\u00e9e":"1 minute"},"schema":{"@context":"https:\/\/schema.org","@graph":[{"@type":"WebPage","@id":"https:\/\/grupliving.vayabits.com\/fr\/propriete\/","url":"https:\/\/grupliving.vayabits.com\/fr\/propriete\/","name":"Ce bien n'est plus ou n'a jamais \u00e9t\u00e9 disponible \u00e0 la vente.","isPartOf":{"@id":"https:\/\/grupliving.vayabits.com\/#website"},"datePublished":"2026-02-23T01:36:24+00:00","dateModified":"2026-04-08T15:38:44+00:00","description":"L'annonce a \u00e9t\u00e9 retir\u00e9e ou le bien a \u00e9t\u00e9 vendu. Cependant, nous proposons de nombreux autres biens immobiliers susceptibles de vous int\u00e9resser.","breadcrumb":{"@id":"https:\/\/grupliving.vayabits.com\/fr\/propriete\/#breadcrumb"},"inLanguage":"fr-FR","potentialAction":[{"@type":"ReadAction","target":["https:\/\/grupliving.vayabits.com\/fr\/propriete\/"]}]},{"@type":"BreadcrumbList","@id":"https:\/\/grupliving.vayabits.com\/fr\/propriete\/#breadcrumb","itemListElement":[{"@type":"ListItem","position":1,"name":"Portada","item":"https:\/\/grupliving.vayabits.com\/fr\/"},{"@type":"ListItem","position":2,"name":"Propri\u00e9t\u00e9"}]},{"@type":"WebSite","@id":"https:\/\/grupliving.vayabits.com\/#website","url":"https:\/\/grupliving.vayabits.com\/","name":"Grup Living: Inmobiliaria en Sitges - Venta y Alquiler de inmuebles","description":"En Grup Living, te brindamos la tranquilidad que necesitas en cada paso de tu proceso inmobiliario. Ahorra tiempo de la mano de profesionales, reduce gastos gracias a nuestra estructura eficiente, y aseg\u00farate de que est\u00e1s exactamente donde quieres estar. Escuchamos tus necesidades e inquietudes para ofrecerte el mejor servicio, evitando problemas y realizando operaciones seguras, mientras mantenemos nuestros procesos transparentes y claros para nuestros valiosos clientes","publisher":{"@id":"https:\/\/grupliving.vayabits.com\/#organization"},"potentialAction":[{"@type":"SearchAction","target":{"@type":"EntryPoint","urlTemplate":"https:\/\/grupliving.vayabits.com\/?s={search_term_string}"},"query-input":{"@type":"PropertyValueSpecification","valueRequired":true,"valueName":"search_term_string"}}],"inLanguage":"fr-FR"},{"@type":"Organization","@id":"https:\/\/grupliving.vayabits.com\/#organization","name":"Grup Living: Inmobiliaria en Sitges - Venta y Alquiler de inmuebles","url":"https:\/\/grupliving.vayabits.com\/","logo":{"@type":"ImageObject","inLanguage":"fr-FR","@id":"https:\/\/grupliving.vayabits.com\/#\/schema\/logo\/image\/","url":"https:\/\/grupliving.vayabits.com\/wp-content\/uploads\/2025\/06\/logo_grup_living_white.webp","contentUrl":"https:\/\/grupliving.vayabits.com\/wp-content\/uploads\/2025\/06\/logo_grup_living_white.webp","width":350,"height":63,"caption":"Grup Living: Inmobiliaria en Sitges - Venta y Alquiler de inmuebles"},"image":{"@id":"https:\/\/grupliving.vayabits.com\/#\/schema\/logo\/image\/"}}]}},"_links":{"self":[{"href":"https:\/\/grupliving.vayabits.com\/fr\/wp-json\/wp\/v2\/pages\/2139566","targetHints":{"allow":["GET"]}}],"collection":[{"href":"https:\/\/grupliving.vayabits.com\/fr\/wp-json\/wp\/v2\/pages"}],"about":[{"href":"https:\/\/grupliving.vayabits.com\/fr\/wp-json\/wp\/v2\/types\/page"}],"author":[{"embeddable":true,"href":"https:\/\/grupliving.vayabits.com\/fr\/wp-json\/wp\/v2\/users\/1"}],"replies":[{"embeddable":true,"href":"https:\/\/grupliving.vayabits.com\/fr\/wp-json\/wp\/v2\/comments?post=2139566"}],"version-history":[{"count":1,"href":"https:\/\/grupliving.vayabits.com\/fr\/wp-json\/wp\/v2\/pages\/2139566\/revisions"}],"predecessor-version":[{"id":2141736,"href":"https:\/\/grupliving.vayabits.com\/fr\/wp-json\/wp\/v2\/pages\/2139566\/revisions\/2141736"}],"wp:attachment":[{"href":"https:\/\/grupliving.vayabits.com\/fr\/wp-json\/wp\/v2\/media?parent=2139566"}],"curies":[{"name":"wp","href":"https:\/\/api.w.org\/{rel}","templated":true}]}}