{"id":2140486,"date":"2025-07-31T17:32:24","date_gmt":"2025-07-31T15:32:24","guid":{"rendered":"https:\/\/grupliving.vayabits.com\/guia-del-comprador\/"},"modified":"2026-04-09T10:48:13","modified_gmt":"2026-04-09T08:48:13","slug":"guia-comprador","status":"publish","type":"page","link":"https:\/\/grupliving.vayabits.com\/ca\/guia-comprador\/","title":{"rendered":"Guia del comprador"},"content":{"rendered":"\t\t<div data-elementor-type=\"wp-page\" data-elementor-id=\"2140486\" class=\"elementor elementor-2140486 elementor-2797\" data-elementor-post-type=\"page\">\n\t\t\t\t<div class=\"elementor-element elementor-element-232b714 e-flex e-con-boxed e-con e-parent\" data-id=\"232b714\" data-element_type=\"container\" data-e-type=\"container\" data-settings=\"{&quot;background_background&quot;:&quot;classic&quot;}\">\n\t\t\t\t\t<div class=\"e-con-inner\">\n\t\t\t\t<div class=\"elementor-element elementor-element-5303ba1 elementor-widget__width-initial titleHomeVB elementor-widget elementor-widget-heading\" data-id=\"5303ba1\" data-element_type=\"widget\" data-e-type=\"widget\" data-widget_type=\"heading.default\">\n\t\t\t\t<div class=\"elementor-widget-container\">\n\t\t\t\t\t<h1 class=\"elementor-heading-title elementor-size-default\">Obt\u00e9n la guia del comprador<\/h1>\t\t\t\t<\/div>\n\t\t\t\t<\/div>\n\t\t\t\t<div class=\"elementor-element elementor-element-b1ebed8 elementor-widget elementor-widget-heading\" data-id=\"b1ebed8\" data-element_type=\"widget\" data-e-type=\"widget\" data-widget_type=\"heading.default\">\n\t\t\t\t<div class=\"elementor-widget-container\">\n\t\t\t\t\t<h2 class=\"elementor-heading-title elementor-size-default\">Els nostres clients sempre van primer\n<\/h2>\t\t\t\t<\/div>\n\t\t\t\t<\/div>\n\t\t\t\t\t<\/div>\n\t\t\t\t<\/div>\n\t\t<div class=\"elementor-element elementor-element-88871fa e-flex e-con-boxed e-con e-parent\" data-id=\"88871fa\" data-element_type=\"container\" data-e-type=\"container\" data-settings=\"{&quot;background_background&quot;:&quot;classic&quot;}\">\n\t\t\t\t\t<div class=\"e-con-inner\">\n\t\t\t\t<div class=\"elementor-element elementor-element-6d52901 elementor-view-default elementor-widget elementor-widget-icon\" data-id=\"6d52901\" data-element_type=\"widget\" data-e-type=\"widget\" data-widget_type=\"icon.default\">\n\t\t\t\t<div class=\"elementor-widget-container\">\n\t\t\t\t\t\t\t<div class=\"elementor-icon-wrapper\">\n\t\t\t<div class=\"elementor-icon\">\n\t\t\t<svg aria-hidden=\"true\" class=\"e-font-icon-svg e-fas-download\" viewBox=\"0 0 512 512\" xmlns=\"http:\/\/www.w3.org\/2000\/svg\"><path d=\"M216 0h80c13.3 0 24 10.7 24 24v168h87.7c17.8 0 26.7 21.5 14.1 34.1L269.7 378.3c-7.5 7.5-19.8 7.5-27.3 0L90.1 226.1c-12.6-12.6-3.7-34.1 14.1-34.1H192V24c0-13.3 10.7-24 24-24zm296 376v112c0 13.3-10.7 24-24 24H24c-13.3 0-24-10.7-24-24V376c0-13.3 10.7-24 24-24h146.7l49 49c20.1 20.1 52.5 20.1 72.6 0l49-49H488c13.3 0 24 10.7 24 24zm-124 88c0-11-9-20-20-20s-20 9-20 20 9 20 20 20 20-9 20-20zm64 0c0-11-9-20-20-20s-20 9-20 20 9 20 20 20 20-9 20-20z\"><\/path><\/svg>\t\t\t<\/div>\n\t\t<\/div>\n\t\t\t\t\t\t<\/div>\n\t\t\t\t<\/div>\n\t\t\t\t<div class=\"elementor-element elementor-element-c67b5c4 elementor-widget__width-inherit elementor-widget elementor-widget-heading\" data-id=\"c67b5c4\" data-element_type=\"widget\" data-e-type=\"widget\" data-widget_type=\"heading.default\">\n\t\t\t\t<div class=\"elementor-widget-container\">\n\t\t\t\t\t<h3 class=\"elementor-heading-title elementor-size-default\">Els nostres clients sempre van primer\n<\/h3>\t\t\t\t<\/div>\n\t\t\t\t<\/div>\n\t\t\t\t<div class=\"elementor-element elementor-element-c644c8d titleWithSpanSand elementor-widget__width-initial elementor-widget elementor-widget-heading\" data-id=\"c644c8d\" data-element_type=\"widget\" data-e-type=\"widget\" data-widget_type=\"heading.default\">\n\t\t\t\t<div class=\"elementor-widget-container\">\n\t\t\t\t\t<h2 class=\"elementor-heading-title elementor-size-default\">Obt\u00e9n la guia del comprador<\/h2>\t\t\t\t<\/div>\n\t\t\t\t<\/div>\n\t\t\t\t<div class=\"elementor-element elementor-element-bfcd517 infoContactText elementor-widget elementor-widget-text-editor\" data-id=\"bfcd517\" data-element_type=\"widget\" data-e-type=\"widget\" data-widget_type=\"text-editor.default\">\n\t\t\t\t<div class=\"elementor-widget-container\">\n\t\t\t\t\t\t\t\t\t<p>Podeu omplir el formulari seg\u00fcent o trucar-nos directament al <a href=\"tel:+34931185777\">+34 93 118 57 77<\/a>.<\/p><p>Si ho preferiu, podeu enviar un correu electr\u00f2nic a <a href=\"mailto:info@grupliving.com\">info@grupliving.com<\/a> o contactar-nos directament per <a href=\"https:\/\/web.whatsapp.com\/send?phone=34653847686\">WhatsApp<\/a>.<\/p>\t\t\t\t\t\t\t\t<\/div>\n\t\t\t\t<\/div>\n\t\t\t\t<div class=\"elementor-element elementor-element-7b5dc80 elementor-widget elementor-widget-shortcode\" data-id=\"7b5dc80\" data-element_type=\"widget\" data-e-type=\"widget\" data-widget_type=\"shortcode.default\">\n\t\t\t\t<div class=\"elementor-widget-container\">\n\t\t\t\t\t\t\t<div class=\"elementor-shortcode\">\n<div class=\"wpcf7 no-js\" id=\"wpcf7-f2141510-o1\" lang=\"es-ES\" dir=\"ltr\" data-wpcf7-id=\"2141510\">\n<div class=\"screen-reader-response\"><p role=\"status\" aria-live=\"polite\" aria-atomic=\"true\"><\/p> <ul><\/ul><\/div>\n<form action=\"\/ca\/wp-json\/wp\/v2\/pages\/2140486#wpcf7-f2141510-o1\" method=\"post\" class=\"wpcf7-form init\" aria-label=\"Formulario de contacto\" novalidate=\"novalidate\" data-status=\"init\">\n<fieldset class=\"hidden-fields-container\"><input type=\"hidden\" name=\"_wpcf7\" value=\"2141510\" \/><input type=\"hidden\" name=\"_wpcf7_version\" value=\"6.1.5\" \/><input type=\"hidden\" name=\"_wpcf7_locale\" value=\"es_ES\" \/><input type=\"hidden\" name=\"_wpcf7_unit_tag\" value=\"wpcf7-f2141510-o1\" \/><input type=\"hidden\" name=\"_wpcf7_container_post\" value=\"0\" \/><input type=\"hidden\" name=\"_wpcf7_posted_data_hash\" value=\"\" \/>\n<\/fieldset>\n<div class=\"contactForm7VB\">\n\t<div class=\"row\">\n\t\t<div class=\"col-md-6\">\n\t\t\t<p><span class=\"wpcf7-form-control-wrap\" data-name=\"your-name\"><input size=\"40\" maxlength=\"400\" class=\"wpcf7-form-control wpcf7-text wpcf7-validates-as-required contact_icon_name\" aria-required=\"true\" aria-invalid=\"false\" placeholder=\"* Escriu el teu nom...\" value=\"\" type=\"text\" name=\"your-name\" \/><\/span>\n\t\t\t<\/p>\n\t\t<\/div>\n\t\t<div class=\"col-md-6\">\n\t\t\t<p><span class=\"wpcf7-form-control-wrap\" data-name=\"your-lastname\"><input size=\"40\" maxlength=\"400\" class=\"wpcf7-form-control wpcf7-text wpcf7-validates-as-required contact_icon_name\" aria-required=\"true\" aria-invalid=\"false\" placeholder=\"* Escriu els teus cognoms...\" value=\"\" type=\"text\" name=\"your-lastname\" \/><\/span>\n\t\t\t<\/p>\n\t\t<\/div>\n\t<\/div>\n\t<div class=\"row\">\n\t\t<div class=\"col-md-6\">\n\t\t\t<p><span class=\"wpcf7-form-control-wrap\" data-name=\"your-phone\"><input size=\"40\" maxlength=\"400\" class=\"wpcf7-form-control wpcf7-tel wpcf7-text wpcf7-validates-as-tel contact_icon_phone\" aria-invalid=\"false\" placeholder=\"Escriu el tel\u00e8fon...\" value=\"\" type=\"tel\" name=\"your-phone\" \/><\/span>\n\t\t\t<\/p>\n\t\t<\/div>\n\t\t<div class=\"col-md-6\">\n\t\t\t<p><span class=\"wpcf7-form-control-wrap\" data-name=\"your-email\"><input size=\"40\" maxlength=\"400\" class=\"wpcf7-form-control wpcf7-email wpcf7-validates-as-required wpcf7-text wpcf7-validates-as-email contact_icon_email\" aria-required=\"true\" aria-invalid=\"false\" placeholder=\"* Escriu el teu correu electr\u00f2nic...\" value=\"\" type=\"email\" name=\"your-email\" \/><\/span><br \/>\n<span id=\"wpcf7-69d7d4fdbe77e-wrapper\" class=\"wpcf7-form-control-wrap your-email-2-wrap\" ><label for=\"wpcf7-69d7d4fdbe77e-field\" class=\"hp-message\">Por favor, deja este campo vac\u00edo.<\/label><input id=\"wpcf7-69d7d4fdbe77e-field\"  class=\"wpcf7-form-control wpcf7-text\" type=\"text\" name=\"your-email-2\" value=\"\" size=\"40\" tabindex=\"-1\" autocomplete=\"off\" \/><\/span>\n\t\t\t<\/p>\n\t\t<\/div>\n\t<\/div>\n\t<div class=\"row\">\n\t\t<div class=\"col-md-12\">\n\t\t\t<p><span class=\"wpcf7-form-control-wrap\" data-name=\"your-type\"><select class=\"wpcf7-form-control wpcf7-select wpcf7-validates-as-required contact_icon_message\" aria-required=\"true\" aria-invalid=\"false\" name=\"your-type\"><option value=\"\">* Qu\u00e8 vols comprar?<\/option><option value=\"Pis\">Pis<\/option><option value=\"Casa\">Casa<\/option><option value=\"Terreny \/ Local comercial\">Terreny \/ Local comercial<\/option><\/select><\/span>\n\t\t\t<\/p>\n\t\t<\/div>\n\t<\/div>\n\t<div class=\"row\">\n\t\t<div class=\"col-md-12\">\n\t\t\t<p><span class=\"wpcf7-form-control-wrap\" data-name=\"your-newsletter\"><span class=\"wpcf7-form-control wpcf7-acceptance optional\"><span class=\"wpcf7-list-item\"><label><input type=\"checkbox\" name=\"your-newsletter\" value=\"1\" aria-invalid=\"false\" \/><span class=\"wpcf7-list-item-label\">Accepto rebre comunicacions comercials de Grup Living.<\/span><\/label><\/span><\/span><\/span>\n\t\t\t<\/p>\n\t\t<\/div>\n\t\t<div class=\"col-md-12\">\n\t\t\t<p><span class=\"wpcf7-form-control-wrap\" data-name=\"your-accept\"><span class=\"wpcf7-form-control wpcf7-acceptance\"><span class=\"wpcf7-list-item\"><label><input type=\"checkbox\" name=\"your-accept\" value=\"1\" aria-invalid=\"false\" \/><span class=\"wpcf7-list-item-label\">Consento el tractament de les meves dades. Grup Living tractar\u00e0 les seves dades amb la finalitat de mantenir-lo informat sobre les nostres not\u00edcies, promocions i novetats. Pot exercir els seus drets d\u2019acc\u00e9s, rectificaci\u00f3, supressi\u00f3, portabilitat, limitaci\u00f3 i oposici\u00f3, tal com s\u2019informa a la nostra <a href=\"https:\/\/grupliving.com\/ca\/politica-privacitat\">pol\u00edtica de privacitat<\/a> i <a href=\"https:\/\/grupliving.com\/ca\/avis-legal\">av\u00eds legal<\/a>.<\/span><\/label><\/span><\/span><\/span>\n\t\t\t<\/p>\n\t\t<\/div>\n\t<\/div>\n\t<div class=\"row\">\n\t\t<div class=\"col-md-6 text-left\">\n\t\t\t<p><div class=\"cf7-cf-turnstile\" style=\"margin-top: 0px; margin-bottom: -15px;\"> <div id=\"cf-turnstile-cf7-397785271\" class=\"cf-turnstile\" data-sitekey=\"0x4AAAAAACIUDieW6CowN-YA\" data-theme=\"light\" data-language=\"auto\" data-size=\"normal\" data-retry=\"auto\" data-retry-interval=\"1000\" data-refresh-expired=\"auto\" data-action=\"contact-form-7\" data-appearance=\"always\"><\/div> <script>document.addEventListener(\"DOMContentLoaded\", function() { setTimeout(function(){ var e=document.getElementById(\"cf-turnstile-cf7-397785271\"); e&&!e.innerHTML.trim()&&(turnstile.remove(\"#cf-turnstile-cf7-397785271\"), turnstile.render(\"#cf-turnstile-cf7-397785271\", {sitekey:\"0x4AAAAAACIUDieW6CowN-YA\"})); }, 100); });<\/script> <br class=\"cf-turnstile-br cf-turnstile-br-cf7-397785271\"> <style>#cf-turnstile-cf7-397785271 { margin-left: -15px; }<\/style> <script>document.addEventListener(\"DOMContentLoaded\",function(){document.querySelectorAll('.wpcf7-form').forEach(function(e){e.addEventListener('submit',function(){if(document.getElementById('cf-turnstile-cf7-397785271')){setTimeout(function(){turnstile.reset('#cf-turnstile-cf7-397785271');},1000)}})})});<\/script> <\/div>\n\t\t\t<\/p>\n\t\t<\/div>\n\t\t<div class=\"col-md-6 text-right\">\n\t\t\t<p><input class=\"wpcf7-form-control wpcf7-submit has-spinner\" type=\"submit\" value=\"Descarregar guia gratis ara\" \/>\n\t\t\t<\/p>\n\t\t<\/div>\n\t<\/div>\n<\/div><div class=\"wpcf7-response-output\" aria-hidden=\"true\"><\/div>\n<\/form>\n<\/div>\n<\/div>\n\t\t\t\t\t\t<\/div>\n\t\t\t\t<\/div>\n\t\t\t\t\t<\/div>\n\t\t\t\t<\/div>\n\t\t\t\t<\/div>\n\t\t","protected":false},"excerpt":{"rendered":"<p>Obt\u00e9n la guia del comprador Els nostres clients sempre van primer &nbsp; Els nostres clients sempre van primer Obt\u00e9n la guia del comprador Podeu omplir el formulari seg\u00fcent o trucar-nos directament al +34 93 118 57 77. Si ho preferiu, podeu enviar un correu electr\u00f2nic a info@grupliving.com o contactar-nos directament per WhatsApp.<\/p>\n","protected":false},"author":1,"featured_media":2803,"parent":0,"menu_order":0,"comment_status":"closed","ping_status":"closed","template":"elementor_header_footer","meta":{"footnotes":""},"class_list":["post-2140486","page","type-page","status-publish","has-post-thumbnail","hentry"],"yoast_head":"<!-- This site is optimized with the Yoast SEO plugin v27.3 - https:\/\/yoast.com\/product\/yoast-seo-wordpress\/ -->\n<title>Guia del comprador | Grup Living<\/title>\n<meta name=\"description\" content=\"Guia del comprador per comprar habitatge: passos clau, despeses i impostos, hipoteca, documentaci\u00f3 i consells per evitar errors abans de signar.\" \/>\n<meta name=\"robots\" content=\"noindex, follow, max-snippet:-1, max-image-preview:large, max-video-preview:-1\" \/>\n<meta property=\"og:locale\" content=\"ca_ES\" \/>\n<meta property=\"og:type\" content=\"article\" \/>\n<meta property=\"og:title\" content=\"Guia del comprador | Grup Living\" \/>\n<meta property=\"og:description\" content=\"Guia del comprador per comprar habitatge: passos clau, despeses i impostos, hipoteca, documentaci\u00f3 i consells per evitar errors abans de signar.\" \/>\n<meta property=\"og:url\" content=\"https:\/\/grupliving.vayabits.com\/ca\/guia-comprador\/\" \/>\n<meta property=\"og:site_name\" content=\"Grup Living: Inmobiliaria en Sitges - Venta y Alquiler de inmuebles\" \/>\n<meta property=\"article:modified_time\" content=\"2026-04-09T08:48:13+00:00\" \/>\n<meta property=\"og:image\" content=\"https:\/\/grupliving.vayabits.com\/wp-content\/uploads\/2025\/07\/comprador.webp\" \/>\n\t<meta property=\"og:image:width\" content=\"1920\" \/>\n\t<meta property=\"og:image:height\" content=\"1280\" \/>\n\t<meta property=\"og:image:type\" content=\"image\/webp\" \/>\n<meta name=\"twitter:card\" content=\"summary_large_image\" \/>\n<meta name=\"twitter:label1\" content=\"Temps estimat de lectura\" \/>\n\t<meta name=\"twitter:data1\" content=\"1 minut\" \/>\n<script type=\"application\/ld+json\" class=\"yoast-schema-graph\">{\"@context\":\"https:\\\/\\\/schema.org\",\"@graph\":[{\"@type\":\"WebPage\",\"@id\":\"https:\\\/\\\/grupliving.vayabits.com\\\/ca\\\/guia-comprador\\\/\",\"url\":\"https:\\\/\\\/grupliving.vayabits.com\\\/ca\\\/guia-comprador\\\/\",\"name\":\"Guia del comprador | Grup Living\",\"isPartOf\":{\"@id\":\"https:\\\/\\\/grupliving.vayabits.com\\\/#website\"},\"primaryImageOfPage\":{\"@id\":\"https:\\\/\\\/grupliving.vayabits.com\\\/ca\\\/guia-comprador\\\/#primaryimage\"},\"image\":{\"@id\":\"https:\\\/\\\/grupliving.vayabits.com\\\/ca\\\/guia-comprador\\\/#primaryimage\"},\"thumbnailUrl\":\"https:\\\/\\\/grupliving.vayabits.com\\\/wp-content\\\/uploads\\\/2025\\\/07\\\/comprador.webp\",\"datePublished\":\"2025-07-31T15:32:24+00:00\",\"dateModified\":\"2026-04-09T08:48:13+00:00\",\"description\":\"Guia del comprador per comprar habitatge: passos clau, despeses i impostos, hipoteca, documentaci\u00f3 i consells per evitar errors abans de signar.\",\"breadcrumb\":{\"@id\":\"https:\\\/\\\/grupliving.vayabits.com\\\/ca\\\/guia-comprador\\\/#breadcrumb\"},\"inLanguage\":\"ca\",\"potentialAction\":[{\"@type\":\"ReadAction\",\"target\":[\"https:\\\/\\\/grupliving.vayabits.com\\\/ca\\\/guia-comprador\\\/\"]}]},{\"@type\":\"ImageObject\",\"inLanguage\":\"ca\",\"@id\":\"https:\\\/\\\/grupliving.vayabits.com\\\/ca\\\/guia-comprador\\\/#primaryimage\",\"url\":\"https:\\\/\\\/grupliving.vayabits.com\\\/wp-content\\\/uploads\\\/2025\\\/07\\\/comprador.webp\",\"contentUrl\":\"https:\\\/\\\/grupliving.vayabits.com\\\/wp-content\\\/uploads\\\/2025\\\/07\\\/comprador.webp\",\"width\":1920,\"height\":1280,\"caption\":\"gu\u00eda del comprador\"},{\"@type\":\"BreadcrumbList\",\"@id\":\"https:\\\/\\\/grupliving.vayabits.com\\\/ca\\\/guia-comprador\\\/#breadcrumb\",\"itemListElement\":[{\"@type\":\"ListItem\",\"position\":1,\"name\":\"Portada\",\"item\":\"https:\\\/\\\/grupliving.vayabits.com\\\/ca\\\/\"},{\"@type\":\"ListItem\",\"position\":2,\"name\":\"Guia del comprador\"}]},{\"@type\":\"WebSite\",\"@id\":\"https:\\\/\\\/grupliving.vayabits.com\\\/#website\",\"url\":\"https:\\\/\\\/grupliving.vayabits.com\\\/\",\"name\":\"Grup Living: Inmobiliaria en Sitges - Venta y Alquiler de inmuebles\",\"description\":\"En Grup Living, te brindamos la tranquilidad que necesitas en cada paso de tu proceso inmobiliario. Ahorra tiempo de la mano de profesionales, reduce gastos gracias a nuestra estructura eficiente, y aseg\u00farate de que est\u00e1s exactamente donde quieres estar. Escuchamos tus necesidades e inquietudes para ofrecerte el mejor servicio, evitando problemas y realizando operaciones seguras, mientras mantenemos nuestros procesos transparentes y claros para nuestros valiosos clientes\",\"publisher\":{\"@id\":\"https:\\\/\\\/grupliving.vayabits.com\\\/#organization\"},\"potentialAction\":[{\"@type\":\"SearchAction\",\"target\":{\"@type\":\"EntryPoint\",\"urlTemplate\":\"https:\\\/\\\/grupliving.vayabits.com\\\/?s={search_term_string}\"},\"query-input\":{\"@type\":\"PropertyValueSpecification\",\"valueRequired\":true,\"valueName\":\"search_term_string\"}}],\"inLanguage\":\"ca\"},{\"@type\":\"Organization\",\"@id\":\"https:\\\/\\\/grupliving.vayabits.com\\\/#organization\",\"name\":\"Grup Living: Inmobiliaria en Sitges - Venta y Alquiler de inmuebles\",\"url\":\"https:\\\/\\\/grupliving.vayabits.com\\\/\",\"logo\":{\"@type\":\"ImageObject\",\"inLanguage\":\"ca\",\"@id\":\"https:\\\/\\\/grupliving.vayabits.com\\\/#\\\/schema\\\/logo\\\/image\\\/\",\"url\":\"https:\\\/\\\/grupliving.vayabits.com\\\/wp-content\\\/uploads\\\/2025\\\/06\\\/logo_grup_living_white.webp\",\"contentUrl\":\"https:\\\/\\\/grupliving.vayabits.com\\\/wp-content\\\/uploads\\\/2025\\\/06\\\/logo_grup_living_white.webp\",\"width\":350,\"height\":63,\"caption\":\"Grup Living: Inmobiliaria en Sitges - Venta y Alquiler de inmuebles\"},\"image\":{\"@id\":\"https:\\\/\\\/grupliving.vayabits.com\\\/#\\\/schema\\\/logo\\\/image\\\/\"}}]}<\/script>\n<!-- \/ Yoast SEO plugin. -->","yoast_head_json":{"title":"Guia del comprador | Grup Living","description":"Guia del comprador per comprar habitatge: passos clau, despeses i impostos, hipoteca, documentaci\u00f3 i consells per evitar errors abans de signar.","robots":{"index":"noindex","follow":"follow","max-snippet":"max-snippet:-1","max-image-preview":"max-image-preview:large","max-video-preview":"max-video-preview:-1"},"og_locale":"ca_ES","og_type":"article","og_title":"Guia del comprador | Grup Living","og_description":"Guia del comprador per comprar habitatge: passos clau, despeses i impostos, hipoteca, documentaci\u00f3 i consells per evitar errors abans de signar.","og_url":"https:\/\/grupliving.vayabits.com\/ca\/guia-comprador\/","og_site_name":"Grup Living: Inmobiliaria en Sitges - Venta y Alquiler de inmuebles","article_modified_time":"2026-04-09T08:48:13+00:00","og_image":[{"width":1920,"height":1280,"url":"https:\/\/grupliving.vayabits.com\/wp-content\/uploads\/2025\/07\/comprador.webp","type":"image\/webp"}],"twitter_card":"summary_large_image","twitter_misc":{"Temps estimat de lectura":"1 minut"},"schema":{"@context":"https:\/\/schema.org","@graph":[{"@type":"WebPage","@id":"https:\/\/grupliving.vayabits.com\/ca\/guia-comprador\/","url":"https:\/\/grupliving.vayabits.com\/ca\/guia-comprador\/","name":"Guia del comprador | Grup Living","isPartOf":{"@id":"https:\/\/grupliving.vayabits.com\/#website"},"primaryImageOfPage":{"@id":"https:\/\/grupliving.vayabits.com\/ca\/guia-comprador\/#primaryimage"},"image":{"@id":"https:\/\/grupliving.vayabits.com\/ca\/guia-comprador\/#primaryimage"},"thumbnailUrl":"https:\/\/grupliving.vayabits.com\/wp-content\/uploads\/2025\/07\/comprador.webp","datePublished":"2025-07-31T15:32:24+00:00","dateModified":"2026-04-09T08:48:13+00:00","description":"Guia del comprador per comprar habitatge: passos clau, despeses i impostos, hipoteca, documentaci\u00f3 i consells per evitar errors abans de signar.","breadcrumb":{"@id":"https:\/\/grupliving.vayabits.com\/ca\/guia-comprador\/#breadcrumb"},"inLanguage":"ca","potentialAction":[{"@type":"ReadAction","target":["https:\/\/grupliving.vayabits.com\/ca\/guia-comprador\/"]}]},{"@type":"ImageObject","inLanguage":"ca","@id":"https:\/\/grupliving.vayabits.com\/ca\/guia-comprador\/#primaryimage","url":"https:\/\/grupliving.vayabits.com\/wp-content\/uploads\/2025\/07\/comprador.webp","contentUrl":"https:\/\/grupliving.vayabits.com\/wp-content\/uploads\/2025\/07\/comprador.webp","width":1920,"height":1280,"caption":"gu\u00eda del comprador"},{"@type":"BreadcrumbList","@id":"https:\/\/grupliving.vayabits.com\/ca\/guia-comprador\/#breadcrumb","itemListElement":[{"@type":"ListItem","position":1,"name":"Portada","item":"https:\/\/grupliving.vayabits.com\/ca\/"},{"@type":"ListItem","position":2,"name":"Guia del comprador"}]},{"@type":"WebSite","@id":"https:\/\/grupliving.vayabits.com\/#website","url":"https:\/\/grupliving.vayabits.com\/","name":"Grup Living: Inmobiliaria en Sitges - Venta y Alquiler de inmuebles","description":"En Grup Living, te brindamos la tranquilidad que necesitas en cada paso de tu proceso inmobiliario. Ahorra tiempo de la mano de profesionales, reduce gastos gracias a nuestra estructura eficiente, y aseg\u00farate de que est\u00e1s exactamente donde quieres estar. Escuchamos tus necesidades e inquietudes para ofrecerte el mejor servicio, evitando problemas y realizando operaciones seguras, mientras mantenemos nuestros procesos transparentes y claros para nuestros valiosos clientes","publisher":{"@id":"https:\/\/grupliving.vayabits.com\/#organization"},"potentialAction":[{"@type":"SearchAction","target":{"@type":"EntryPoint","urlTemplate":"https:\/\/grupliving.vayabits.com\/?s={search_term_string}"},"query-input":{"@type":"PropertyValueSpecification","valueRequired":true,"valueName":"search_term_string"}}],"inLanguage":"ca"},{"@type":"Organization","@id":"https:\/\/grupliving.vayabits.com\/#organization","name":"Grup Living: Inmobiliaria en Sitges - Venta y Alquiler de inmuebles","url":"https:\/\/grupliving.vayabits.com\/","logo":{"@type":"ImageObject","inLanguage":"ca","@id":"https:\/\/grupliving.vayabits.com\/#\/schema\/logo\/image\/","url":"https:\/\/grupliving.vayabits.com\/wp-content\/uploads\/2025\/06\/logo_grup_living_white.webp","contentUrl":"https:\/\/grupliving.vayabits.com\/wp-content\/uploads\/2025\/06\/logo_grup_living_white.webp","width":350,"height":63,"caption":"Grup Living: Inmobiliaria en Sitges - Venta y Alquiler de inmuebles"},"image":{"@id":"https:\/\/grupliving.vayabits.com\/#\/schema\/logo\/image\/"}}]}},"_links":{"self":[{"href":"https:\/\/grupliving.vayabits.com\/ca\/wp-json\/wp\/v2\/pages\/2140486","targetHints":{"allow":["GET"]}}],"collection":[{"href":"https:\/\/grupliving.vayabits.com\/ca\/wp-json\/wp\/v2\/pages"}],"about":[{"href":"https:\/\/grupliving.vayabits.com\/ca\/wp-json\/wp\/v2\/types\/page"}],"author":[{"embeddable":true,"href":"https:\/\/grupliving.vayabits.com\/ca\/wp-json\/wp\/v2\/users\/1"}],"replies":[{"embeddable":true,"href":"https:\/\/grupliving.vayabits.com\/ca\/wp-json\/wp\/v2\/comments?post=2140486"}],"version-history":[{"count":8,"href":"https:\/\/grupliving.vayabits.com\/ca\/wp-json\/wp\/v2\/pages\/2140486\/revisions"}],"predecessor-version":[{"id":2141796,"href":"https:\/\/grupliving.vayabits.com\/ca\/wp-json\/wp\/v2\/pages\/2140486\/revisions\/2141796"}],"wp:featuredmedia":[{"embeddable":true,"href":"https:\/\/grupliving.vayabits.com\/ca\/wp-json\/wp\/v2\/media\/2803"}],"wp:attachment":[{"href":"https:\/\/grupliving.vayabits.com\/ca\/wp-json\/wp\/v2\/media?parent=2140486"}],"curies":[{"name":"wp","href":"https:\/\/api.w.org\/{rel}","templated":true}]}}