{"id":2139998,"date":"2026-02-04T12:45:52","date_gmt":"2026-02-04T11:45:52","guid":{"rendered":"https:\/\/grupliving.vayabits.com\/politica-cookies\/"},"modified":"2026-04-09T11:41:40","modified_gmt":"2026-04-09T09:41:40","slug":"politica-cookies","status":"publish","type":"page","link":"https:\/\/grupliving.vayabits.com\/ca\/politica-cookies\/","title":{"rendered":"Pol\u00edtica de cookies"},"content":{"rendered":"\t\t<div data-elementor-type=\"wp-page\" data-elementor-id=\"2139998\" class=\"elementor elementor-2139998 elementor-2137280\" data-elementor-post-type=\"page\">\n\t\t\t\t<div class=\"elementor-element elementor-element-c81200a e-flex e-con-boxed e-con e-parent\" data-id=\"c81200a\" data-element_type=\"container\" data-e-type=\"container\" data-settings=\"{&quot;background_background&quot;:&quot;classic&quot;}\">\n\t\t\t\t\t<div class=\"e-con-inner\">\n\t\t\t\t<div class=\"elementor-element elementor-element-7bac763 elementor-widget__width-initial titleHomeVB elementor-widget elementor-widget-heading\" data-id=\"7bac763\" data-element_type=\"widget\" data-e-type=\"widget\" data-widget_type=\"heading.default\">\n\t\t\t\t<div class=\"elementor-widget-container\">\n\t\t\t\t\t<h1 class=\"elementor-heading-title elementor-size-default\">Pol\u00edtica de cookies<\/h1>\t\t\t\t<\/div>\n\t\t\t\t<\/div>\n\t\t\t\t<div class=\"elementor-element elementor-element-410073c elementor-align-center elementor-widget elementor-widget-button\" data-id=\"410073c\" data-element_type=\"widget\" data-e-type=\"widget\" data-widget_type=\"button.default\">\n\t\t\t\t<div class=\"elementor-widget-container\">\n\t\t\t\t\t\t\t\t\t<div class=\"elementor-button-wrapper\">\n\t\t\t\t\t<a class=\"elementor-button elementor-button-link elementor-size-sm\" href=\"https:\/\/grupliving.vayabits.com\/sobre-nosotros\/#contactForm\">\n\t\t\t\t\t\t<span class=\"elementor-button-content-wrapper\">\n\t\t\t\t\t\t\t\t\t<span class=\"elementor-button-text\">Contacta<\/span>\n\t\t\t\t\t<\/span>\n\t\t\t\t\t<\/a>\n\t\t\t\t<\/div>\n\t\t\t\t\t\t\t\t<\/div>\n\t\t\t\t<\/div>\n\t\t\t\t\t<\/div>\n\t\t\t\t<\/div>\n\t\t<div class=\"elementor-element elementor-element-cc7c5a7 e-flex e-con-boxed e-con e-parent\" data-id=\"cc7c5a7\" data-element_type=\"container\" data-e-type=\"container\" data-settings=\"{&quot;background_background&quot;:&quot;gradient&quot;}\">\n\t\t\t\t\t<div class=\"e-con-inner\">\n\t\t<div class=\"elementor-element elementor-element-29f16de e-con-full e-flex e-con e-child\" data-id=\"29f16de\" data-element_type=\"container\" data-e-type=\"container\">\n\t\t\t\t<div class=\"elementor-element elementor-element-7187f95 elementor-widget elementor-widget-shortcode\" data-id=\"7187f95\" data-element_type=\"widget\" data-e-type=\"widget\" data-widget_type=\"shortcode.default\">\n\t\t\t\t<div class=\"elementor-widget-container\">\n\t\t\t\t\t\t\t<div class=\"elementor-shortcode\">[cmplz-document type=\"cookie-statement\" region=\"eu\"]<\/div>\n\t\t\t\t\t\t<\/div>\n\t\t\t\t<\/div>\n\t\t\t\t<\/div>\n\t\t\t\t\t<\/div>\n\t\t\t\t<\/div>\n\t\t\t\t<\/div>\n\t\t","protected":false},"excerpt":{"rendered":"<p>Pol\u00edtica de cookies Contacta [cmplz-document type=&#8221;cookie-statement&#8221; region=&#8221;eu&#8221;]<\/p>\n","protected":false},"author":1,"featured_media":0,"parent":0,"menu_order":0,"comment_status":"closed","ping_status":"closed","template":"elementor_header_footer","meta":{"footnotes":""},"class_list":["post-2139998","page","type-page","status-publish","hentry"],"yoast_head":"<!-- This site is optimized with the Yoast SEO plugin v27.3 - https:\/\/yoast.com\/product\/yoast-seo-wordpress\/ -->\n<title>Pol\u00edtica de cookies Grup Living Immobili\u00e0ria<\/title>\n<meta name=\"description\" content=\"Consulta la pol\u00edtica de cookies de Grup Living i coneix com utilitzem les galetes per millorar la navegaci\u00f3, analitzar l&#039;\u00fas web i oferir una experi\u00e8ncia millor.\" \/>\n<meta name=\"robots\" content=\"noindex, follow, max-snippet:-1, max-image-preview:large, max-video-preview:-1\" \/>\n<meta property=\"og:locale\" content=\"ca_ES\" \/>\n<meta property=\"og:type\" content=\"article\" \/>\n<meta property=\"og:title\" content=\"Pol\u00edtica de cookies Grup Living Immobili\u00e0ria\" \/>\n<meta property=\"og:description\" content=\"Consulta la pol\u00edtica de cookies de Grup Living i coneix com utilitzem les galetes per millorar la navegaci\u00f3, analitzar l&#039;\u00fas web i oferir una experi\u00e8ncia millor.\" \/>\n<meta property=\"og:url\" content=\"https:\/\/grupliving.vayabits.com\/ca\/politica-cookies\/\" \/>\n<meta property=\"og:site_name\" content=\"Grup Living: Inmobiliaria en Sitges - Venta y Alquiler de inmuebles\" \/>\n<meta property=\"article:modified_time\" content=\"2026-04-09T09:41:40+00:00\" \/>\n<meta name=\"twitter:card\" content=\"summary_large_image\" \/>\n<meta name=\"twitter:label1\" content=\"Temps estimat de lectura\" \/>\n\t<meta name=\"twitter:data1\" content=\"1 minut\" \/>\n<script type=\"application\/ld+json\" class=\"yoast-schema-graph\">{\"@context\":\"https:\\\/\\\/schema.org\",\"@graph\":[{\"@type\":\"WebPage\",\"@id\":\"https:\\\/\\\/grupliving.vayabits.com\\\/ca\\\/politica-cookies\\\/\",\"url\":\"https:\\\/\\\/grupliving.vayabits.com\\\/ca\\\/politica-cookies\\\/\",\"name\":\"Pol\u00edtica de cookies Grup Living Immobili\u00e0ria\",\"isPartOf\":{\"@id\":\"https:\\\/\\\/grupliving.vayabits.com\\\/#website\"},\"datePublished\":\"2026-02-04T11:45:52+00:00\",\"dateModified\":\"2026-04-09T09:41:40+00:00\",\"description\":\"Consulta la pol\u00edtica de cookies de Grup Living i coneix com utilitzem les galetes per millorar la navegaci\u00f3, analitzar l'\u00fas web i oferir una experi\u00e8ncia millor.\",\"breadcrumb\":{\"@id\":\"https:\\\/\\\/grupliving.vayabits.com\\\/ca\\\/politica-cookies\\\/#breadcrumb\"},\"inLanguage\":\"ca\",\"potentialAction\":[{\"@type\":\"ReadAction\",\"target\":[\"https:\\\/\\\/grupliving.vayabits.com\\\/ca\\\/politica-cookies\\\/\"]}]},{\"@type\":\"BreadcrumbList\",\"@id\":\"https:\\\/\\\/grupliving.vayabits.com\\\/ca\\\/politica-cookies\\\/#breadcrumb\",\"itemListElement\":[{\"@type\":\"ListItem\",\"position\":1,\"name\":\"Portada\",\"item\":\"https:\\\/\\\/grupliving.vayabits.com\\\/ca\\\/\"},{\"@type\":\"ListItem\",\"position\":2,\"name\":\"Pol\u00edtica de cookies\"}]},{\"@type\":\"WebSite\",\"@id\":\"https:\\\/\\\/grupliving.vayabits.com\\\/#website\",\"url\":\"https:\\\/\\\/grupliving.vayabits.com\\\/\",\"name\":\"Grup Living: Inmobiliaria en Sitges - Venta y Alquiler de inmuebles\",\"description\":\"En Grup Living, te brindamos la tranquilidad que necesitas en cada paso de tu proceso inmobiliario. Ahorra tiempo de la mano de profesionales, reduce gastos gracias a nuestra estructura eficiente, y aseg\u00farate de que est\u00e1s exactamente donde quieres estar. Escuchamos tus necesidades e inquietudes para ofrecerte el mejor servicio, evitando problemas y realizando operaciones seguras, mientras mantenemos nuestros procesos transparentes y claros para nuestros valiosos clientes\",\"publisher\":{\"@id\":\"https:\\\/\\\/grupliving.vayabits.com\\\/#organization\"},\"potentialAction\":[{\"@type\":\"SearchAction\",\"target\":{\"@type\":\"EntryPoint\",\"urlTemplate\":\"https:\\\/\\\/grupliving.vayabits.com\\\/?s={search_term_string}\"},\"query-input\":{\"@type\":\"PropertyValueSpecification\",\"valueRequired\":true,\"valueName\":\"search_term_string\"}}],\"inLanguage\":\"ca\"},{\"@type\":\"Organization\",\"@id\":\"https:\\\/\\\/grupliving.vayabits.com\\\/#organization\",\"name\":\"Grup Living: Inmobiliaria en Sitges - Venta y Alquiler de inmuebles\",\"url\":\"https:\\\/\\\/grupliving.vayabits.com\\\/\",\"logo\":{\"@type\":\"ImageObject\",\"inLanguage\":\"ca\",\"@id\":\"https:\\\/\\\/grupliving.vayabits.com\\\/#\\\/schema\\\/logo\\\/image\\\/\",\"url\":\"https:\\\/\\\/grupliving.vayabits.com\\\/wp-content\\\/uploads\\\/2025\\\/06\\\/logo_grup_living_white.webp\",\"contentUrl\":\"https:\\\/\\\/grupliving.vayabits.com\\\/wp-content\\\/uploads\\\/2025\\\/06\\\/logo_grup_living_white.webp\",\"width\":350,\"height\":63,\"caption\":\"Grup Living: Inmobiliaria en Sitges - Venta y Alquiler de inmuebles\"},\"image\":{\"@id\":\"https:\\\/\\\/grupliving.vayabits.com\\\/#\\\/schema\\\/logo\\\/image\\\/\"}}]}<\/script>\n<!-- \/ Yoast SEO plugin. -->","yoast_head_json":{"title":"Pol\u00edtica de cookies Grup Living Immobili\u00e0ria","description":"Consulta la pol\u00edtica de cookies de Grup Living i coneix com utilitzem les galetes per millorar la navegaci\u00f3, analitzar l'\u00fas web i oferir una experi\u00e8ncia millor.","robots":{"index":"noindex","follow":"follow","max-snippet":"max-snippet:-1","max-image-preview":"max-image-preview:large","max-video-preview":"max-video-preview:-1"},"og_locale":"ca_ES","og_type":"article","og_title":"Pol\u00edtica de cookies Grup Living Immobili\u00e0ria","og_description":"Consulta la pol\u00edtica de cookies de Grup Living i coneix com utilitzem les galetes per millorar la navegaci\u00f3, analitzar l'\u00fas web i oferir una experi\u00e8ncia millor.","og_url":"https:\/\/grupliving.vayabits.com\/ca\/politica-cookies\/","og_site_name":"Grup Living: Inmobiliaria en Sitges - Venta y Alquiler de inmuebles","article_modified_time":"2026-04-09T09:41:40+00:00","twitter_card":"summary_large_image","twitter_misc":{"Temps estimat de lectura":"1 minut"},"schema":{"@context":"https:\/\/schema.org","@graph":[{"@type":"WebPage","@id":"https:\/\/grupliving.vayabits.com\/ca\/politica-cookies\/","url":"https:\/\/grupliving.vayabits.com\/ca\/politica-cookies\/","name":"Pol\u00edtica de cookies Grup Living Immobili\u00e0ria","isPartOf":{"@id":"https:\/\/grupliving.vayabits.com\/#website"},"datePublished":"2026-02-04T11:45:52+00:00","dateModified":"2026-04-09T09:41:40+00:00","description":"Consulta la pol\u00edtica de cookies de Grup Living i coneix com utilitzem les galetes per millorar la navegaci\u00f3, analitzar l'\u00fas web i oferir una experi\u00e8ncia millor.","breadcrumb":{"@id":"https:\/\/grupliving.vayabits.com\/ca\/politica-cookies\/#breadcrumb"},"inLanguage":"ca","potentialAction":[{"@type":"ReadAction","target":["https:\/\/grupliving.vayabits.com\/ca\/politica-cookies\/"]}]},{"@type":"BreadcrumbList","@id":"https:\/\/grupliving.vayabits.com\/ca\/politica-cookies\/#breadcrumb","itemListElement":[{"@type":"ListItem","position":1,"name":"Portada","item":"https:\/\/grupliving.vayabits.com\/ca\/"},{"@type":"ListItem","position":2,"name":"Pol\u00edtica de cookies"}]},{"@type":"WebSite","@id":"https:\/\/grupliving.vayabits.com\/#website","url":"https:\/\/grupliving.vayabits.com\/","name":"Grup Living: Inmobiliaria en Sitges - Venta y Alquiler de inmuebles","description":"En Grup Living, te brindamos la tranquilidad que necesitas en cada paso de tu proceso inmobiliario. Ahorra tiempo de la mano de profesionales, reduce gastos gracias a nuestra estructura eficiente, y aseg\u00farate de que est\u00e1s exactamente donde quieres estar. Escuchamos tus necesidades e inquietudes para ofrecerte el mejor servicio, evitando problemas y realizando operaciones seguras, mientras mantenemos nuestros procesos transparentes y claros para nuestros valiosos clientes","publisher":{"@id":"https:\/\/grupliving.vayabits.com\/#organization"},"potentialAction":[{"@type":"SearchAction","target":{"@type":"EntryPoint","urlTemplate":"https:\/\/grupliving.vayabits.com\/?s={search_term_string}"},"query-input":{"@type":"PropertyValueSpecification","valueRequired":true,"valueName":"search_term_string"}}],"inLanguage":"ca"},{"@type":"Organization","@id":"https:\/\/grupliving.vayabits.com\/#organization","name":"Grup Living: Inmobiliaria en Sitges - Venta y Alquiler de inmuebles","url":"https:\/\/grupliving.vayabits.com\/","logo":{"@type":"ImageObject","inLanguage":"ca","@id":"https:\/\/grupliving.vayabits.com\/#\/schema\/logo\/image\/","url":"https:\/\/grupliving.vayabits.com\/wp-content\/uploads\/2025\/06\/logo_grup_living_white.webp","contentUrl":"https:\/\/grupliving.vayabits.com\/wp-content\/uploads\/2025\/06\/logo_grup_living_white.webp","width":350,"height":63,"caption":"Grup Living: Inmobiliaria en Sitges - Venta y Alquiler de inmuebles"},"image":{"@id":"https:\/\/grupliving.vayabits.com\/#\/schema\/logo\/image\/"}}]}},"_links":{"self":[{"href":"https:\/\/grupliving.vayabits.com\/ca\/wp-json\/wp\/v2\/pages\/2139998","targetHints":{"allow":["GET"]}}],"collection":[{"href":"https:\/\/grupliving.vayabits.com\/ca\/wp-json\/wp\/v2\/pages"}],"about":[{"href":"https:\/\/grupliving.vayabits.com\/ca\/wp-json\/wp\/v2\/types\/page"}],"author":[{"embeddable":true,"href":"https:\/\/grupliving.vayabits.com\/ca\/wp-json\/wp\/v2\/users\/1"}],"replies":[{"embeddable":true,"href":"https:\/\/grupliving.vayabits.com\/ca\/wp-json\/wp\/v2\/comments?post=2139998"}],"version-history":[{"count":1,"href":"https:\/\/grupliving.vayabits.com\/ca\/wp-json\/wp\/v2\/pages\/2139998\/revisions"}],"predecessor-version":[{"id":2141819,"href":"https:\/\/grupliving.vayabits.com\/ca\/wp-json\/wp\/v2\/pages\/2139998\/revisions\/2141819"}],"wp:attachment":[{"href":"https:\/\/grupliving.vayabits.com\/ca\/wp-json\/wp\/v2\/media?parent=2139998"}],"curies":[{"name":"wp","href":"https:\/\/api.w.org\/{rel}","templated":true}]}}