{"id":2139995,"date":"2026-02-04T12:45:56","date_gmt":"2026-02-04T11:45:56","guid":{"rendered":"https:\/\/grupliving.vayabits.com\/politica-de-privacidad\/"},"modified":"2026-04-09T11:42:55","modified_gmt":"2026-04-09T09:42:55","slug":"politica-privacitat","status":"publish","type":"page","link":"https:\/\/grupliving.vayabits.com\/ca\/politica-privacitat\/","title":{"rendered":"Pol\u00edtica de privacitat"},"content":{"rendered":"\t\t<div data-elementor-type=\"wp-page\" data-elementor-id=\"2139995\" class=\"elementor elementor-2139995 elementor-2137278\" data-elementor-post-type=\"page\">\n\t\t\t\t<div class=\"elementor-element elementor-element-9d17e8b e-flex e-con-boxed e-con e-parent\" data-id=\"9d17e8b\" data-element_type=\"container\" data-e-type=\"container\" data-settings=\"{&quot;background_background&quot;:&quot;classic&quot;}\">\n\t\t\t\t\t<div class=\"e-con-inner\">\n\t\t\t\t<div class=\"elementor-element elementor-element-4fd36bb elementor-widget__width-initial titleHomeVB elementor-widget elementor-widget-heading\" data-id=\"4fd36bb\" data-element_type=\"widget\" data-e-type=\"widget\" data-widget_type=\"heading.default\">\n\t\t\t\t<div class=\"elementor-widget-container\">\n\t\t\t\t\t<h1 class=\"elementor-heading-title elementor-size-default\">Pol\u00edtica de privacidad<\/h1>\t\t\t\t<\/div>\n\t\t\t\t<\/div>\n\t\t\t\t<div class=\"elementor-element elementor-element-c9a9479 elementor-align-center elementor-widget elementor-widget-button\" data-id=\"c9a9479\" data-element_type=\"widget\" data-e-type=\"widget\" data-widget_type=\"button.default\">\n\t\t\t\t<div class=\"elementor-widget-container\">\n\t\t\t\t\t\t\t\t\t<div class=\"elementor-button-wrapper\">\n\t\t\t\t\t<a class=\"elementor-button elementor-button-link elementor-size-sm\" href=\"https:\/\/grupliving.vayabits.com\/sobre-nosotros\/#contactForm\">\n\t\t\t\t\t\t<span class=\"elementor-button-content-wrapper\">\n\t\t\t\t\t\t\t\t\t<span class=\"elementor-button-text\">Contacta<\/span>\n\t\t\t\t\t<\/span>\n\t\t\t\t\t<\/a>\n\t\t\t\t<\/div>\n\t\t\t\t\t\t\t\t<\/div>\n\t\t\t\t<\/div>\n\t\t\t\t\t<\/div>\n\t\t\t\t<\/div>\n\t\t<div class=\"elementor-element elementor-element-6e8cfa5 e-flex e-con-boxed e-con e-parent\" data-id=\"6e8cfa5\" data-element_type=\"container\" data-e-type=\"container\" data-settings=\"{&quot;background_background&quot;:&quot;gradient&quot;}\">\n\t\t\t\t\t<div class=\"e-con-inner\">\n\t\t<div class=\"elementor-element elementor-element-895d695 e-con-full e-flex e-con e-child\" data-id=\"895d695\" data-element_type=\"container\" data-e-type=\"container\">\n\t\t\t\t<div class=\"elementor-element elementor-element-189be8a elementor-widget elementor-widget-text-editor\" data-id=\"189be8a\" data-element_type=\"widget\" data-e-type=\"widget\" data-widget_type=\"text-editor.default\">\n\t\t\t\t<div class=\"elementor-widget-container\">\n\t\t\t\t\t\t\t\t\t<p>1. INFORMACI\u00d3 PER A USUARIS<\/p><p>Grup Living Agents Immobiliaris S.L., com a responsable del tractament, l&#8217;informa que, d&#8217;acord amb les disposicions del Reglament (UE) 2016\/679 de 27 d&#8217;abril, (RGPD) i la Llei Org\u00e0nica 3\/2018, de 5 de desembre, de protecci\u00f3 de dades personals i garantia dels drets digitals (LOPDGDD), tractarem les seves dades tal com s&#8217;estableix en aquesta Pol\u00edtica de privadesa.<\/p><p>En aquesta Pol\u00edtica de privacitat, descrivim com recollim les vostres dades personals i per qu\u00e8 les recollim, qu\u00e8 en fem, amb qui les compartim, com les protegim i les vostres opcions pel que fa al tractament de les vostres dades personals.<\/p><p>Aquesta Pol\u00edtica s&#8217;aplica al tractament de les vostres dades personals recollides per l&#8217;empresa per a la prestaci\u00f3 dels seus serveis. En acceptar els termes d&#8217;aquesta Pol\u00edtica, consentiu que tractem les vostres dades personals tal com es defineix en aquesta Pol\u00edtica.<\/p><p>2. CONTACTE<\/p><p>Nom de l&#8217;empresa: Grup Living Agents Immobiliaris S.L<br \/>Nom comercial: Grup Living<br \/>N\u00famero d&#8217;identificaci\u00f3 fiscal: B64723596<br \/>Adre\u00e7a: Av. Cam\u00ed dels Capellans 83, 08870 Sitges<br \/>Correu electr\u00f2nic: info@grupliving.com<\/p><p>3. PRINCIPIS B\u00c0SICS<\/p><p>Sempre ens hem comprom\u00e8s a oferir els nostres serveis amb el m\u00e0xim nivell de qualitat, la qual cosa inclou el tractament de les vostres dades de manera segura i transparent. Els nostres principis s\u00f3n:<\/p><ul><li>Llicitud: Nom\u00e9s recollirem les vostres dades personals per a finalitats espec\u00edfiques, expl\u00edcites i leg\u00edtimes.<br \/>Minimitzaci\u00f3 de dades: Limitem la recollida de dades personals al que \u00e9s estrictament rellevant i necessari per a les finalitats per a les quals s&#8217;han recollit.<\/li><li>Limitaci\u00f3 de la finalitat: Nom\u00e9s recollirem les vostres dades personals per a les finalitats indicades i nom\u00e9s d&#8217;acord amb els vostres desitjos.<\/li><li>Exactitud: Mantindrem les seves dades personals exactes i actualitzades.<\/li><li>Seguretat de les dades: Implementem les mesures t\u00e8cniques i organitzatives adequades, proporcionals als riscos, per garantir que les seves dades estiguin protegides contra danys, com ara la divulgaci\u00f3 o l&#8217;acc\u00e9s no autoritzats, la destrucci\u00f3 accidental o il\u00b7legal, la p\u00e8rdua o alteraci\u00f3 accidental i qualsevol altra forma de tractament il\u00b7l\u00edcit.<\/li><li>Acc\u00e9s i Rectificaci\u00f3: Us proporcionem els mitjans per accedir o rectificar les vostres dades sempre que ho considereu oport\u00fa.<\/li><li>Conservaci\u00f3: Conservem les vostres dades personals de manera l\u00edcita i adequada, i nom\u00e9s durant el temps necessari per a les finalitats per a les quals es van recollir.<\/li><li>Transfer\u00e8ncies internacionals: Quan les seves dades s&#8217;hagin de transferir fora de la UE\/EEE, estaran adequadament protegides.<\/li><li>Tercers: L&#8217;acc\u00e9s i la transfer\u00e8ncia de dades personals a tercers es realitzen d&#8217;acord amb les lleis i els reglaments aplicables i amb garanties contractuals adequades.<\/li><li>Publicitat directa i galetes: Complim la legislaci\u00f3 aplicable en mat\u00e8ria de publicitat i galetes.<\/li><\/ul><p>\u00a0<\/p><p>4. RECOLLECCI\u00d3 I TRACTAMENT DE LES VOSTRES DADES PERSONALS<\/p><p>Els tipus de dades que es poden sol\u00b7licitar i tractar s\u00f3n:<\/p><p>Dades d&#8217;identificaci\u00f3.<br \/>Tamb\u00e9 recollim autom\u00e0ticament dades sobre la vostra visita al nostre lloc web, tal com es descriu a la pol\u00edtica de galetes.<br \/>Sempre que sol\u00b7licitem les seves dades personals, l&#8217;informarem clarament de quines dades personals recollim i amb quina finalitat. En general, recollim i tractem les seves dades personals amb la finalitat de:<br \/>Proporcionar informaci\u00f3, serveis, productes, informaci\u00f3 rellevant i not\u00edcies del sector.<br \/>Enviar comunicacions.<\/p><p>5. BASE JUR\u00cdDICA<\/p><p>D&#8217;acord amb la normativa aplicable en mat\u00e8ria de protecci\u00f3 de dades, les seves dades personals es podran tractar sempre que:<\/p><p>Hagi donat el seu consentiment per al tractament. Per descomptat, pot retirar el seu consentiment en qualsevol moment.<br \/>Ho requereix la llei.<br \/>Hi ha un inter\u00e8s leg\u00edtim que no preval sobre els seus drets a la privacitat, com ara l&#8217;enviament d&#8217;informaci\u00f3 comercial, ja sigui per subscripci\u00f3 al nostre butllet\u00ed o en virtut de la seva condici\u00f3 de client.<br \/>\u00c9s necessari per a la prestaci\u00f3 de qualsevol dels nostres serveis en el marc d&#8217;una relaci\u00f3 contractual entre vost\u00e8 i nosaltres.<\/p><p>6. CEDIMENT DE DADES PERSONALS<\/p><p>Les dades es poden cedir a empreses afiliades a Grup Living Agents Immobiliaris S.L. per a la prestaci\u00f3 de diversos serveis en la seva qualitat de responsables del tractament. L&#8217;empresa no cedir\u00e0 cap dada a tercers, tret que ho exigeixi la llei.<\/p><p>7. ELS VOSTRES DRETS<\/p><p>En relaci\u00f3 amb la recollida i el tractament de les vostres dades personals, podeu contactar amb nosaltres en qualsevol moment per a:<\/p><p>Accedir a les vostres dades personals i a qualsevol altra informaci\u00f3 que s&#8217;especifiqu a l&#8217;article 15.1 del RGPD.<br \/>Rectificar les vostres dades personals que siguin inexactes o incompletes d&#8217;acord amb l&#8217;article 16 del RGPD.<br \/>Suprimir les seves dades personals d&#8217;acord amb l&#8217;article 17 del RGPD.<br \/>Limitar el tractament de les seves dades personals d&#8217;acord amb l&#8217;article 18 del RGPD.<br \/>Sol\u00b7licitar la portabilitat de les seves dades d&#8217;acord amb l&#8217;article 20 del RGPD.<br \/>Oponer-se al tractament de les seves dades personals d&#8217;acord amb l&#8217;article 21 del RGPD.<br \/>Si heu donat el vostre consentiment per a una finalitat espec\u00edfica, teniu dret a retirar-lo en qualsevol moment, sense que aix\u00f2 afecti la licitud del tractament basat en el consentiment donat abans de la seva retirada.<\/p><p>Podeu exercir aquests drets enviant una sol\u00b7licitud raonada i justificada a info@grupliving.com.<\/p><p>Tamb\u00e9 teniu dret a presentar una reclamaci\u00f3 davant l&#8217;autoritat de control competent (www.aepd.es) si considereu que el tractament no compleix la normativa vigent.<\/p><p>8. INFORMACI\u00d3 LEGAL<\/p><p>Els requisits establerts en aquesta Pol\u00edtica complementen i no substitueixen cap altre requisit existent en virtut de la legislaci\u00f3 aplicable en mat\u00e8ria de protecci\u00f3 de dades, que prevaldr\u00e0 en tots els casos.<\/p><p>Aquesta Pol\u00edtica est\u00e0 subjecta a revisions peri\u00f2diques i l&#8217;empresa la pot modificar en qualsevol moment. Quan aix\u00f2 passi, l&#8217;informarem de qualsevol canvi i li demanarem que revisi l&#8217;\u00faltima versi\u00f3 de la nostra Pol\u00edtica i que en confirmi l&#8217;acceptaci\u00f3.<\/p>\t\t\t\t\t\t\t\t<\/div>\n\t\t\t\t<\/div>\n\t\t\t\t<\/div>\n\t\t\t\t\t<\/div>\n\t\t\t\t<\/div>\n\t\t\t\t<\/div>\n\t\t","protected":false},"excerpt":{"rendered":"<p>Pol\u00edtica de privacidad Contacta 1. INFORMACI\u00d3 PER A USUARIS Grup Living Agents Immobiliaris S.L., com a responsable del tractament, l&#8217;informa que, d&#8217;acord amb les disposicions del Reglament (UE) 2016\/679 de 27 d&#8217;abril, (RGPD) i la Llei Org\u00e0nica 3\/2018, de 5 de desembre, de protecci\u00f3 de dades personals i garantia dels drets digitals (LOPDGDD), tractarem les [&hellip;]<\/p>\n","protected":false},"author":1,"featured_media":0,"parent":0,"menu_order":0,"comment_status":"closed","ping_status":"closed","template":"elementor_header_footer","meta":{"footnotes":""},"class_list":["post-2139995","page","type-page","status-publish","hentry"],"yoast_head":"<!-- This site is optimized with the Yoast SEO plugin v27.3 - https:\/\/yoast.com\/product\/yoast-seo-wordpress\/ -->\n<title>Pol\u00edtica de privacitat | Grup Living Immobili\u00e0ria<\/title>\n<meta name=\"description\" content=\"Consulta la pol\u00edtica de privadesa de Grup Living: com tractem les teves dades, finalitats, base legal, terminis de conservaci\u00f3, cessions i els teus drets com a usuari.\" \/>\n<meta name=\"robots\" content=\"noindex, follow, max-snippet:-1, max-image-preview:large, max-video-preview:-1\" \/>\n<meta property=\"og:locale\" content=\"ca_ES\" \/>\n<meta property=\"og:type\" content=\"article\" \/>\n<meta property=\"og:title\" content=\"Pol\u00edtica de privacitat | Grup Living Immobili\u00e0ria\" \/>\n<meta property=\"og:description\" content=\"Consulta la pol\u00edtica de privadesa de Grup Living: com tractem les teves dades, finalitats, base legal, terminis de conservaci\u00f3, cessions i els teus drets com a usuari.\" \/>\n<meta property=\"og:url\" content=\"https:\/\/grupliving.vayabits.com\/ca\/politica-privacitat\/\" \/>\n<meta property=\"og:site_name\" content=\"Grup Living: Inmobiliaria en Sitges - Venta y Alquiler de inmuebles\" \/>\n<meta property=\"article:modified_time\" content=\"2026-04-09T09:42:55+00:00\" \/>\n<meta name=\"twitter:card\" content=\"summary_large_image\" \/>\n<meta name=\"twitter:label1\" content=\"Temps estimat de lectura\" \/>\n\t<meta name=\"twitter:data1\" content=\"5 minuts\" \/>\n<script type=\"application\/ld+json\" class=\"yoast-schema-graph\">{\"@context\":\"https:\\\/\\\/schema.org\",\"@graph\":[{\"@type\":\"WebPage\",\"@id\":\"https:\\\/\\\/grupliving.vayabits.com\\\/ca\\\/politica-privacitat\\\/\",\"url\":\"https:\\\/\\\/grupliving.vayabits.com\\\/ca\\\/politica-privacitat\\\/\",\"name\":\"Pol\u00edtica de privacitat | Grup Living Immobili\u00e0ria\",\"isPartOf\":{\"@id\":\"https:\\\/\\\/grupliving.vayabits.com\\\/#website\"},\"datePublished\":\"2026-02-04T11:45:56+00:00\",\"dateModified\":\"2026-04-09T09:42:55+00:00\",\"description\":\"Consulta la pol\u00edtica de privadesa de Grup Living: com tractem les teves dades, finalitats, base legal, terminis de conservaci\u00f3, cessions i els teus drets com a usuari.\",\"breadcrumb\":{\"@id\":\"https:\\\/\\\/grupliving.vayabits.com\\\/ca\\\/politica-privacitat\\\/#breadcrumb\"},\"inLanguage\":\"ca\",\"potentialAction\":[{\"@type\":\"ReadAction\",\"target\":[\"https:\\\/\\\/grupliving.vayabits.com\\\/ca\\\/politica-privacitat\\\/\"]}]},{\"@type\":\"BreadcrumbList\",\"@id\":\"https:\\\/\\\/grupliving.vayabits.com\\\/ca\\\/politica-privacitat\\\/#breadcrumb\",\"itemListElement\":[{\"@type\":\"ListItem\",\"position\":1,\"name\":\"Portada\",\"item\":\"https:\\\/\\\/grupliving.vayabits.com\\\/ca\\\/\"},{\"@type\":\"ListItem\",\"position\":2,\"name\":\"Pol\u00edtica de privacitat\"}]},{\"@type\":\"WebSite\",\"@id\":\"https:\\\/\\\/grupliving.vayabits.com\\\/#website\",\"url\":\"https:\\\/\\\/grupliving.vayabits.com\\\/\",\"name\":\"Grup Living: Inmobiliaria en Sitges - Venta y Alquiler de inmuebles\",\"description\":\"En Grup Living, te brindamos la tranquilidad que necesitas en cada paso de tu proceso inmobiliario. Ahorra tiempo de la mano de profesionales, reduce gastos gracias a nuestra estructura eficiente, y aseg\u00farate de que est\u00e1s exactamente donde quieres estar. Escuchamos tus necesidades e inquietudes para ofrecerte el mejor servicio, evitando problemas y realizando operaciones seguras, mientras mantenemos nuestros procesos transparentes y claros para nuestros valiosos clientes\",\"publisher\":{\"@id\":\"https:\\\/\\\/grupliving.vayabits.com\\\/#organization\"},\"potentialAction\":[{\"@type\":\"SearchAction\",\"target\":{\"@type\":\"EntryPoint\",\"urlTemplate\":\"https:\\\/\\\/grupliving.vayabits.com\\\/?s={search_term_string}\"},\"query-input\":{\"@type\":\"PropertyValueSpecification\",\"valueRequired\":true,\"valueName\":\"search_term_string\"}}],\"inLanguage\":\"ca\"},{\"@type\":\"Organization\",\"@id\":\"https:\\\/\\\/grupliving.vayabits.com\\\/#organization\",\"name\":\"Grup Living: Inmobiliaria en Sitges - Venta y Alquiler de inmuebles\",\"url\":\"https:\\\/\\\/grupliving.vayabits.com\\\/\",\"logo\":{\"@type\":\"ImageObject\",\"inLanguage\":\"ca\",\"@id\":\"https:\\\/\\\/grupliving.vayabits.com\\\/#\\\/schema\\\/logo\\\/image\\\/\",\"url\":\"https:\\\/\\\/grupliving.vayabits.com\\\/wp-content\\\/uploads\\\/2025\\\/06\\\/logo_grup_living_white.webp\",\"contentUrl\":\"https:\\\/\\\/grupliving.vayabits.com\\\/wp-content\\\/uploads\\\/2025\\\/06\\\/logo_grup_living_white.webp\",\"width\":350,\"height\":63,\"caption\":\"Grup Living: Inmobiliaria en Sitges - Venta y Alquiler de inmuebles\"},\"image\":{\"@id\":\"https:\\\/\\\/grupliving.vayabits.com\\\/#\\\/schema\\\/logo\\\/image\\\/\"}}]}<\/script>\n<!-- \/ Yoast SEO plugin. -->","yoast_head_json":{"title":"Pol\u00edtica de privacitat | Grup Living Immobili\u00e0ria","description":"Consulta la pol\u00edtica de privadesa de Grup Living: com tractem les teves dades, finalitats, base legal, terminis de conservaci\u00f3, cessions i els teus drets com a usuari.","robots":{"index":"noindex","follow":"follow","max-snippet":"max-snippet:-1","max-image-preview":"max-image-preview:large","max-video-preview":"max-video-preview:-1"},"og_locale":"ca_ES","og_type":"article","og_title":"Pol\u00edtica de privacitat | Grup Living Immobili\u00e0ria","og_description":"Consulta la pol\u00edtica de privadesa de Grup Living: com tractem les teves dades, finalitats, base legal, terminis de conservaci\u00f3, cessions i els teus drets com a usuari.","og_url":"https:\/\/grupliving.vayabits.com\/ca\/politica-privacitat\/","og_site_name":"Grup Living: Inmobiliaria en Sitges - Venta y Alquiler de inmuebles","article_modified_time":"2026-04-09T09:42:55+00:00","twitter_card":"summary_large_image","twitter_misc":{"Temps estimat de lectura":"5 minuts"},"schema":{"@context":"https:\/\/schema.org","@graph":[{"@type":"WebPage","@id":"https:\/\/grupliving.vayabits.com\/ca\/politica-privacitat\/","url":"https:\/\/grupliving.vayabits.com\/ca\/politica-privacitat\/","name":"Pol\u00edtica de privacitat | Grup Living Immobili\u00e0ria","isPartOf":{"@id":"https:\/\/grupliving.vayabits.com\/#website"},"datePublished":"2026-02-04T11:45:56+00:00","dateModified":"2026-04-09T09:42:55+00:00","description":"Consulta la pol\u00edtica de privadesa de Grup Living: com tractem les teves dades, finalitats, base legal, terminis de conservaci\u00f3, cessions i els teus drets com a usuari.","breadcrumb":{"@id":"https:\/\/grupliving.vayabits.com\/ca\/politica-privacitat\/#breadcrumb"},"inLanguage":"ca","potentialAction":[{"@type":"ReadAction","target":["https:\/\/grupliving.vayabits.com\/ca\/politica-privacitat\/"]}]},{"@type":"BreadcrumbList","@id":"https:\/\/grupliving.vayabits.com\/ca\/politica-privacitat\/#breadcrumb","itemListElement":[{"@type":"ListItem","position":1,"name":"Portada","item":"https:\/\/grupliving.vayabits.com\/ca\/"},{"@type":"ListItem","position":2,"name":"Pol\u00edtica de privacitat"}]},{"@type":"WebSite","@id":"https:\/\/grupliving.vayabits.com\/#website","url":"https:\/\/grupliving.vayabits.com\/","name":"Grup Living: Inmobiliaria en Sitges - Venta y Alquiler de inmuebles","description":"En Grup Living, te brindamos la tranquilidad que necesitas en cada paso de tu proceso inmobiliario. Ahorra tiempo de la mano de profesionales, reduce gastos gracias a nuestra estructura eficiente, y aseg\u00farate de que est\u00e1s exactamente donde quieres estar. Escuchamos tus necesidades e inquietudes para ofrecerte el mejor servicio, evitando problemas y realizando operaciones seguras, mientras mantenemos nuestros procesos transparentes y claros para nuestros valiosos clientes","publisher":{"@id":"https:\/\/grupliving.vayabits.com\/#organization"},"potentialAction":[{"@type":"SearchAction","target":{"@type":"EntryPoint","urlTemplate":"https:\/\/grupliving.vayabits.com\/?s={search_term_string}"},"query-input":{"@type":"PropertyValueSpecification","valueRequired":true,"valueName":"search_term_string"}}],"inLanguage":"ca"},{"@type":"Organization","@id":"https:\/\/grupliving.vayabits.com\/#organization","name":"Grup Living: Inmobiliaria en Sitges - Venta y Alquiler de inmuebles","url":"https:\/\/grupliving.vayabits.com\/","logo":{"@type":"ImageObject","inLanguage":"ca","@id":"https:\/\/grupliving.vayabits.com\/#\/schema\/logo\/image\/","url":"https:\/\/grupliving.vayabits.com\/wp-content\/uploads\/2025\/06\/logo_grup_living_white.webp","contentUrl":"https:\/\/grupliving.vayabits.com\/wp-content\/uploads\/2025\/06\/logo_grup_living_white.webp","width":350,"height":63,"caption":"Grup Living: Inmobiliaria en Sitges - Venta y Alquiler de inmuebles"},"image":{"@id":"https:\/\/grupliving.vayabits.com\/#\/schema\/logo\/image\/"}}]}},"_links":{"self":[{"href":"https:\/\/grupliving.vayabits.com\/ca\/wp-json\/wp\/v2\/pages\/2139995","targetHints":{"allow":["GET"]}}],"collection":[{"href":"https:\/\/grupliving.vayabits.com\/ca\/wp-json\/wp\/v2\/pages"}],"about":[{"href":"https:\/\/grupliving.vayabits.com\/ca\/wp-json\/wp\/v2\/types\/page"}],"author":[{"embeddable":true,"href":"https:\/\/grupliving.vayabits.com\/ca\/wp-json\/wp\/v2\/users\/1"}],"replies":[{"embeddable":true,"href":"https:\/\/grupliving.vayabits.com\/ca\/wp-json\/wp\/v2\/comments?post=2139995"}],"version-history":[{"count":4,"href":"https:\/\/grupliving.vayabits.com\/ca\/wp-json\/wp\/v2\/pages\/2139995\/revisions"}],"predecessor-version":[{"id":2141822,"href":"https:\/\/grupliving.vayabits.com\/ca\/wp-json\/wp\/v2\/pages\/2139995\/revisions\/2141822"}],"wp:attachment":[{"href":"https:\/\/grupliving.vayabits.com\/ca\/wp-json\/wp\/v2\/media?parent=2139995"}],"curies":[{"name":"wp","href":"https:\/\/api.w.org\/{rel}","templated":true}]}}